{"id":486,"date":"2016-09-05T11:10:33","date_gmt":"2016-09-05T09:10:33","guid":{"rendered":"https:\/\/www.semsin.es\/web\/?page_id=486"},"modified":"2016-09-06T12:41:14","modified_gmt":"2016-09-06T10:41:14","slug":"programacion-a-medida","status":"publish","type":"page","link":"https:\/\/www.semsin.es\/web\/programacion-a-medida\/","title":{"rendered":"Programaci\u00f3n a medida"},"content":{"rendered":"<p>[vc_row full_width=\u00bb\u00bb][vc_column][vc_column_text]<\/p>\n<div class=\"parrafo\" style=\"text-align: justify;\">\n<p>En <strong>SEMSIN<\/strong>\u00a0creamos herramientas inform\u00e1ticas a medida para cuando en su negocio, empresa o entidad tiene una necesidad y no existe en el mercado un producto que se adec\u00fae a ella.<\/p>\n<p><span class=\"parrafo\" style=\"text-align: justify;\">Desarrollamos diferentes tipos de software con m\u00faltiples lenguajes de programaci\u00f3n; desde sencillas aplicaciones de gesti\u00f3n hasta complicados proyectos de I+D<\/span><\/p>\n<p><span class=\"parrafo\" style=\"text-align: justify;\">Cada proyecto es para nosotros una oportunidad para hacerlo mejor, y generar clientes fieles, no simples consumidores.<\/span><\/p>\n<p>Combine esto con la potencia y versatilidad que proporcionan el resto de nuestros departamentos (hardware, software, etc.) y obtendr\u00e1 un paquete completo, plenamente funcional y que cumple plenamente con sus expectativas.<\/p>\n<\/div>\n<p>[\/vc_column_text]<div style=\"clear:both; width:100%; height:15px\"><\/div><div id=\"advanced-tabs-desc-wrap-9446\" class=\"ult_tabs \" style=\" \" data-tabsstyle=\"style1\"\n data-titlebg=\"#e7ecea\" data-titlecolor=\"#74777b\" data-fullheight=\"off\"\n data-titlehoverbg=\"#4f90d1\" data-titlehovercolor=\"#ffffff\"\n data-rotatetabs=\"0\" data-responsivemode=\"Both\" data-animation=\"Slide\"\ndata-activetitle=\"#ffffff\" data-activeicon=\"\" data-activebg=\"#4f90d1\"  data-respmode=\"Tabs\" data-respwidth=\"400\"><ul id=advanced-tabs-wrap-5071 class=\"ult_tabmenu style1 \" style=\"\"><li class=\"ult_tab_li   \" data-iconcolor=\"#74777b\" data-iconhover=\"#ffffff\" style=\"background-color:#e7ecea;border-color:transparent;border-width:0px;border-style:solid;border-top-left-radius:8px;\">\n\t\t\t\t\t<a href=\"#6fa3164a-c52a-3\" id=\"6fa3164a-c52a-3\" style=\"color:#74777b;;  \" class=\"ult_a \">\n\t\t\t\t\t   <span class=\"ult_tab_main  Both \">\n\t\t\t\t\t    <span class=\"ult_tab_section\">\n\t\t\t\t\t  \t\t<span  data-ultimate-target='#advanced-tabs-wrap-5071 .ult-span-text'  data-responsive-json-new='{\"font-size\":\"desktop:15px;\",\"line-height\":\"\"}'  class=\"ult-span-text ult-responsive\" style=\"\">FUNCIONALIDAD<\/span>\n\t\t\t\t\t\t   \t<span class=\"aio-icon none ult_tab_iconright\" style=\"color:#74777b;font-size:15px;\">\n\t\t\t\t\t\t   \t<i class=\" Defaults-trello ult_tab_icon\"  ><\/i>\n\t\t\t\t\t\t   <\/span>\n\t\t\t\t\t\t<\/span>\n\t\t\t\t\t   <\/span>\n\n\t\t\t\t\t<\/a>\n\t\t\t\t\t<\/li><li class=\"ult_tab_li   \" data-iconcolor=\"#74777b\" data-iconhover=\"#ffffff\" style=\"background-color:#e7ecea;border-color:transparent;border-width:0px;border-style:solid;\">\n\t\t\t\t\t<a href=\"#42692805-024a-3\" id=\"42692805-024a-3\" style=\"color:#74777b;;  \" class=\"ult_a \">\n\t\t\t\t\t   <span class=\"ult_tab_main  Both \">\n\t\t\t\t\t    <span class=\"ult_tab_section\">\n\t\t\t\t\t  \t\t<span  data-ultimate-target='#advanced-tabs-wrap-5071 .ult-span-text'  data-responsive-json-new='{\"font-size\":\"desktop:15px;\",\"line-height\":\"\"}'  class=\"ult-span-text ult-responsive\" style=\"\">ESCALABILIDAD<\/span>\n\t\t\t\t\t\t   \t<span class=\"aio-icon none ult_tab_iconright\" style=\"color:#74777b;font-size:15px;\">\n\t\t\t\t\t\t   \t<i class=\" Defaults-signal ult_tab_icon\"  ><\/i>\n\t\t\t\t\t\t   <\/span>\n\t\t\t\t\t\t<\/span>\n\t\t\t\t\t   <\/span>\n\n\t\t\t\t\t<\/a>\n\t\t\t\t\t<\/li><li class=\"ult_tab_li   \" data-iconcolor=\"#74777b\" data-iconhover=\"#ffffff\" style=\"background-color:#e7ecea;border-color:transparent;border-width:0px;border-style:solid;\">\n\t\t\t\t\t<a href=\"#1473065898706-2-6\" id=\"1473065898706-2-6\" style=\"color:#74777b;;  \" class=\"ult_a \">\n\t\t\t\t\t   <span class=\"ult_tab_main  Both \">\n\t\t\t\t\t    <span class=\"ult_tab_section\">\n\t\t\t\t\t  \t\t<span  data-ultimate-target='#advanced-tabs-wrap-5071 .ult-span-text'  data-responsive-json-new='{\"font-size\":\"desktop:15px;\",\"line-height\":\"\"}'  class=\"ult-span-text ult-responsive\" style=\"\">COORDINACI\u00d3N<\/span>\n\t\t\t\t\t\t   \t<span class=\"aio-icon none ult_tab_iconright\" style=\"color:#74777b;font-size:15px;\">\n\t\t\t\t\t\t   \t<i class=\" Defaults-cog gear ult_tab_icon\"  ><\/i>\n\t\t\t\t\t\t   <\/span>\n\t\t\t\t\t\t<\/span>\n\t\t\t\t\t   <\/span>\n\n\t\t\t\t\t<\/a>\n\t\t\t\t\t<\/li><li class=\"ult_tab_li   \" data-iconcolor=\"#74777b\" data-iconhover=\"#ffffff\" style=\"background-color:#e7ecea;border-color:transparent;border-width:0px;border-style:solid;border-top-right-radius:8px;\">\n\t\t\t\t\t<a href=\"#1473065900875-3-3\" id=\"1473065900875-3-3\" style=\"color:#74777b;;  \" class=\"ult_a \">\n\t\t\t\t\t   <span class=\"ult_tab_main  Both \">\n\t\t\t\t\t    <span class=\"ult_tab_section\">\n\t\t\t\t\t  \t\t<span  data-ultimate-target='#advanced-tabs-wrap-5071 .ult-span-text'  data-responsive-json-new='{\"font-size\":\"desktop:15px;\",\"line-height\":\"\"}'  class=\"ult-span-text ult-responsive\" style=\"\">SOPORTE<\/span>\n\t\t\t\t\t\t   \t<span class=\"aio-icon none ult_tab_iconright\" style=\"color:#74777b;font-size:15px;\">\n\t\t\t\t\t\t   \t<i class=\" Defaults-user ult_tab_icon\"  ><\/i>\n\t\t\t\t\t\t   <\/span>\n\t\t\t\t\t\t<\/span>\n\t\t\t\t\t   <\/span>\n\n\t\t\t\t\t<\/a>\n\t\t\t\t\t<\/li><\/ul><div  data-ultimate-target='#advanced-tabs-desc-wrap-9446 .ult_tabcontent .ult_tab_min_contain  p'  data-responsive-json-new='{\"font-size\":\"\",\"line-height\":\"\"}' class=\"ult_tabcontent ult-responsive style1\" style=\"color:#74777b;\"><div class=\"ult_tab_min_contain \" >\n\t\t\t<div  class=\"ult_tabitemname\"  >\n\t\t\t\t[vc_column_text]<\/p>\n<p style=\"text-align: justify;\">Parte del \u00e9xito de cualquier empresa consiste en proveer herramientas a su personal para que de una forma precisa y f\u00e1cil sigan estos flujos.\u00a0La empresa es\u00a0la que se tiene que suministrar las herramientas necesarias y adaptarlas a las necesidades de la misma\u00a0para evitar la frustraci\u00f3n de los usuarios, y con ello un decremento de la productividad y\/o efectividad del sistema.<\/p>\n<p>[\/vc_column_text]\n\t\t\t<\/div>\n\t\t\t<div  class=\"ult_tabitemname\"  >\n\t\t\t\t[vc_column_text]<\/p>\n<p style=\"text-align: justify;\">Otro beneficio del software a medida es que, si su empresa crece y aumentan o cambian los requisitos iniciales, su soluci\u00f3n inform\u00e1tica puede f\u00e1cilmente adaptarse a ello sin necesidad de hacer grandes cambios y sin causar el m\u00ednimo impacto en la empresa y en sus\u00a0actividades.<\/p>\n<p>[\/vc_column_text]\n\t\t\t<\/div>\n\t\t\t<div  class=\"ult_tabitemname\"  >\n\t\t\t\t[vc_column_text]<\/p>\n<p style=\"text-align: justify;\">En la mayor\u00eda de ocasiones la necesidad de un nuevo software no implica la renovaci\u00f3n de estructuras empresariales directamente ligadas a \u00e9l. La ventaja de la programaci\u00f3n a medida consiste en que esto se plantea como un requisito, incluy\u00e9ndose en el dise\u00f1o de proyecto y concentrando los esfuerzos de integraci\u00f3n en estos sistemas pre-existentes.<\/p>\n<p>[\/vc_column_text]\n\t\t\t<\/div>\n\t\t\t<div  class=\"ult_tabitemname\"  >\n\t\t\t\t[vc_column_text]<\/p>\n<p style=\"text-align: justify;\">Junto con la adquisici\u00f3n de su producto obtiene derechos de atenci\u00f3n prioritaria y soporte directo de su equipo de programaci\u00f3n asignado. Las mejoras y correcci\u00f3n de errores son evaluadas r\u00e1pidamente. Podr\u00e1 acceder a su director de proyecto a trav\u00e9s de tel\u00e9fono, as\u00ed como por correo electr\u00f3nico directo.<\/p>\n<p>[\/vc_column_text]\n\t\t\t<\/div><\/div><\/div><\/div><div class=\"ult_acord\">\n   <div class=\"ult-tabto-accordion \" style=\"width:;\"\n    data-titlecolor=\"#74777b\"  data-titlebg=\"#e7ecea\"\n     data-titlehoverbg=\"#4f90d1\" data-titlehovercolor=\"#ffffff\" data-animation=\"Slide\"\n     data-activetitle=\"#ffffff\" data-activeicon=\"\" data-activebg=\"#4f90d1\">\n     <dl><dt class=\"\">\n        \t<a class=\"ult-tabto-actitle withBorder ult_a\" id=\"6fa3164a-c52a-3\" style=\"color:#74777b;;background-color:#e7ecea;border-bottom-color:transparent;border-bottom-width:0px;border-bottom-style:solid;\" href=\"#6fa3164a-c52a-3\">\n        \t\t<i class=\"accordion-icon\">+<\/i>\n        \t\t\t<span class=\"ult_tab_main ult_ac_mainBoth\">\n\t\t\t\t\t   <span  data-ultimate-target='#advanced-tabs-wrap-5071 .ult-span-text'  data-responsive-json-new='{\"font-size\":\"desktop:15px;\",\"line-height\":\"\"}'  class=\"ult-span-text ult_acordian-text ult-responsive\" style=\";color:inherit \" >FUNCIONALIDAD<\/span>\n\t\t\t\t\t<\/span>\n\t\t\t\t\t   <div class=\"aio-icon none \" style=\"color:#74777b;font-size:15px;\" data-iconcolor=\"#74777b\" data-iconhover=\"#ffffff\">\n\t\t\t\t\t   <i class=\"  Defaults-trello ult_tab_icon\"  ><\/i>\n\t\t\t\t\t   <\/div>\n\t\t\t\t\t<\/a><\/dt>\n            \t\t<dd class=\"ult-tabto-accordionItem ult-tabto-accolapsed\">\n\t\t\t            <div class=\"ult-tabto-acontent\" style=\"color:#74777b;\">\n\t\t\t               [vc_column_text]<\/p>\n<p style=\"text-align: justify;\">Parte del \u00e9xito de cualquier empresa consiste en proveer herramientas a su personal para que de una forma precisa y f\u00e1cil sigan estos flujos.\u00a0La empresa es\u00a0la que se tiene que suministrar las herramientas necesarias y adaptarlas a las necesidades de la misma\u00a0para evitar la frustraci\u00f3n de los usuarios, y con ello un decremento de la productividad y\/o efectividad del sistema.<\/p>\n<p>[\/vc_column_text]\n\t\t\t            <\/div>\n        \t<\/dd><dt class=\"\">\n        \t<a class=\"ult-tabto-actitle withBorder ult_a\" id=\"42692805-024a-3\" style=\"color:#74777b;;background-color:#e7ecea;border-bottom-color:transparent;border-bottom-width:0px;border-bottom-style:solid;border-bottom-color:transparent;border-bottom-width:0px;border-bottom-style:solid;\" href=\"#42692805-024a-3\">\n        \t\t<i class=\"accordion-icon\">+<\/i>\n        \t\t\t<span class=\"ult_tab_main ult_ac_mainBoth\">\n\t\t\t\t\t   <span  data-ultimate-target='#advanced-tabs-wrap-5071 .ult-span-text'  data-responsive-json-new='{\"font-size\":\"desktop:15px;\",\"line-height\":\"\"}'  class=\"ult-span-text ult_acordian-text ult-responsive\" style=\";color:inherit \" >ESCALABILIDAD<\/span>\n\t\t\t\t\t<\/span>\n\t\t\t\t\t   <div class=\"aio-icon none \" style=\"color:#74777b;font-size:15px;\" data-iconcolor=\"#74777b\" data-iconhover=\"#ffffff\">\n\t\t\t\t\t   <i class=\"  Defaults-signal ult_tab_icon\"  ><\/i>\n\t\t\t\t\t   <\/div>\n\t\t\t\t\t<\/a><\/dt>\n            \t\t<dd class=\"ult-tabto-accordionItem ult-tabto-accolapsed\">\n\t\t\t            <div class=\"ult-tabto-acontent\" style=\"color:#74777b;\">\n\t\t\t               [vc_column_text]<\/p>\n<p style=\"text-align: justify;\">Otro beneficio del software a medida es que, si su empresa crece y aumentan o cambian los requisitos iniciales, su soluci\u00f3n inform\u00e1tica puede f\u00e1cilmente adaptarse a ello sin necesidad de hacer grandes cambios y sin causar el m\u00ednimo impacto en la empresa y en sus\u00a0actividades.<\/p>\n<p>[\/vc_column_text]\n\t\t\t            <\/div>\n        \t<\/dd><dt class=\"\">\n        \t<a class=\"ult-tabto-actitle withBorder ult_a\" id=\"1473065898706-2-6\" style=\"color:#74777b;;background-color:#e7ecea;border-bottom-color:transparent;border-bottom-width:0px;border-bottom-style:solid;border-bottom-color:transparent;border-bottom-width:0px;border-bottom-style:solid;border-bottom-color:transparent;border-bottom-width:0px;border-bottom-style:solid;\" href=\"#1473065898706-2-6\">\n        \t\t<i class=\"accordion-icon\">+<\/i>\n        \t\t\t<span class=\"ult_tab_main ult_ac_mainBoth\">\n\t\t\t\t\t   <span  data-ultimate-target='#advanced-tabs-wrap-5071 .ult-span-text'  data-responsive-json-new='{\"font-size\":\"desktop:15px;\",\"line-height\":\"\"}'  class=\"ult-span-text ult_acordian-text ult-responsive\" style=\";color:inherit \" >COORDINACI\u00d3N<\/span>\n\t\t\t\t\t<\/span>\n\t\t\t\t\t   <div class=\"aio-icon none \" style=\"color:#74777b;font-size:15px;\" data-iconcolor=\"#74777b\" data-iconhover=\"#ffffff\">\n\t\t\t\t\t   <i class=\"  Defaults-cog gear ult_tab_icon\"  ><\/i>\n\t\t\t\t\t   <\/div>\n\t\t\t\t\t<\/a><\/dt>\n            \t\t<dd class=\"ult-tabto-accordionItem ult-tabto-accolapsed\">\n\t\t\t            <div class=\"ult-tabto-acontent\" style=\"color:#74777b;\">\n\t\t\t               [vc_column_text]<\/p>\n<p style=\"text-align: justify;\">En la mayor\u00eda de ocasiones la necesidad de un nuevo software no implica la renovaci\u00f3n de estructuras empresariales directamente ligadas a \u00e9l. La ventaja de la programaci\u00f3n a medida consiste en que esto se plantea como un requisito, incluy\u00e9ndose en el dise\u00f1o de proyecto y concentrando los esfuerzos de integraci\u00f3n en estos sistemas pre-existentes.<\/p>\n<p>[\/vc_column_text]\n\t\t\t            <\/div>\n        \t<\/dd><dt class=\"\">\n        \t<a class=\"ult-tabto-actitle withBorder ult_a\" id=\"1473065900875-3-3\" style=\"color:#74777b;;background-color:#e7ecea;border-bottom-color:transparent;border-bottom-width:0px;border-bottom-style:solid;border-bottom-color:transparent;border-bottom-width:0px;border-bottom-style:solid;border-bottom-color:transparent;border-bottom-width:0px;border-bottom-style:solid;border-bottom-color:transparent;border-bottom-width:0px;border-bottom-style:solid;\" href=\"#1473065900875-3-3\">\n        \t\t<i class=\"accordion-icon\">+<\/i>\n        \t\t\t<span class=\"ult_tab_main ult_ac_mainBoth\">\n\t\t\t\t\t   <span  data-ultimate-target='#advanced-tabs-wrap-5071 .ult-span-text'  data-responsive-json-new='{\"font-size\":\"desktop:15px;\",\"line-height\":\"\"}'  class=\"ult-span-text ult_acordian-text ult-responsive\" style=\";color:inherit \" >SOPORTE<\/span>\n\t\t\t\t\t<\/span>\n\t\t\t\t\t   <div class=\"aio-icon none \" style=\"color:#74777b;font-size:15px;\" data-iconcolor=\"#74777b\" data-iconhover=\"#ffffff\">\n\t\t\t\t\t   <i class=\"  Defaults-user ult_tab_icon\"  ><\/i>\n\t\t\t\t\t   <\/div>\n\t\t\t\t\t<\/a><\/dt>\n            \t\t<dd class=\"ult-tabto-accordionItem ult-tabto-accolapsed\">\n\t\t\t            <div class=\"ult-tabto-acontent\" style=\"color:#74777b;\">\n\t\t\t               [vc_column_text]<\/p>\n<p style=\"text-align: justify;\">Junto con la adquisici\u00f3n de su producto obtiene derechos de atenci\u00f3n prioritaria y soporte directo de su equipo de programaci\u00f3n asignado. Las mejoras y correcci\u00f3n de errores son evaluadas r\u00e1pidamente. Podr\u00e1 acceder a su director de proyecto a trav\u00e9s de tel\u00e9fono, as\u00ed como por correo electr\u00f3nico directo.<\/p>\n<p>[\/vc_column_text]\n\t\t\t            <\/div>\n        \t<\/dd>\n    \t<\/dl>\n    <!--<div class=\"extraborder\" style=\"background-color:#4f90d1\"><\/div>-->\n<\/div>\n\n<\/div>[\/vc_column][\/vc_row][vc_row full_width=\u00bb\u00bb][vc_column][vc_custom_heading text=\u00bb\u00daltimo proyecto realizado\u00bb font_container=\u00bbtag:h2|text_align:center\u00bb google_fonts=\u00bbfont_family:Montserrat%3Aregular%2C700|font_style:400%20regular%3A400%3Anormal\u00bb][vc_column_text]<\/p>\n<h2 style=\"text-align: center;\"><a href=\"https:\/\/www.semsin.es\/web\/programacion-a-medida\/xagros\/\"><img loading=\"lazy\" class=\"wp-image-559 aligncenter\" src=\"https:\/\/www.semsin.es\/web\/wp-content\/uploads\/2016\/09\/xAGROS_300x300-300x259.png\" alt=\"xAGROS_300x300\" width=\"173\" height=\"150\" \/><\/a><\/h2>\n<h3 class=\"vc_custom_heading\" style=\"text-align: center;\"><a href=\"https:\/\/www.semsin.es\/web\/programacion-a-medida\/xagros\/\">Gesti\u00f3n y control del fitosanitario<\/a><\/h3>\n<p>[\/vc_column_text]<div style=\"clear:both; width:100%; height:35px\"><\/div>[vc_btn title=\u00bbSolicitar m\u00e1s informaci\u00f3n\u00bb color=\u00bbsky\u00bb size=\u00bblg\u00bb align=\u00bbcenter\u00bb link=\u00bburl:http%3A%2F%2Fwww.semsin.es%2Fweb%2F%23contacto|title:Contacto|\u00bb][\/vc_column][\/vc_row]<\/p>\n","protected":false},"excerpt":{"rendered":"<p>[vc_row full_width=\u00bb\u00bb][vc_column][vc_column_text] En SEMSIN\u00a0creamos herramientas inform\u00e1ticas a medida para cuando en su negocio, empresa o entidad tiene una necesidad y no existe en el mercado&#8230;<\/p>\n<p class=\"readmore\"><a class=\"more-btn\" href=\"https:\/\/www.semsin.es\/web\/programacion-a-medida\/\">Leer m\u00e1s<\/a><\/p>\n","protected":false},"author":1,"featured_media":0,"parent":0,"menu_order":0,"comment_status":"closed","ping_status":"closed","template":"","meta":{"_mi_skip_tracking":false},"_links":{"self":[{"href":"https:\/\/www.semsin.es\/web\/wp-json\/wp\/v2\/pages\/486"}],"collection":[{"href":"https:\/\/www.semsin.es\/web\/wp-json\/wp\/v2\/pages"}],"about":[{"href":"https:\/\/www.semsin.es\/web\/wp-json\/wp\/v2\/types\/page"}],"author":[{"embeddable":true,"href":"https:\/\/www.semsin.es\/web\/wp-json\/wp\/v2\/users\/1"}],"replies":[{"embeddable":true,"href":"https:\/\/www.semsin.es\/web\/wp-json\/wp\/v2\/comments?post=486"}],"version-history":[{"count":0,"href":"https:\/\/www.semsin.es\/web\/wp-json\/wp\/v2\/pages\/486\/revisions"}],"wp:attachment":[{"href":"https:\/\/www.semsin.es\/web\/wp-json\/wp\/v2\/media?parent=486"}],"curies":[{"name":"wp","href":"https:\/\/api.w.org\/{rel}","templated":true}]}}