{"id":483,"date":"2016-09-05T10:45:30","date_gmt":"2016-09-05T08:45:30","guid":{"rendered":"https:\/\/www.semsin.es\/web\/?page_id=483"},"modified":"2016-09-05T19:53:48","modified_gmt":"2016-09-05T17:53:48","slug":"diseno-web","status":"publish","type":"page","link":"https:\/\/www.semsin.es\/web\/diseno-web\/","title":{"rendered":"Dise\u00f1o web"},"content":{"rendered":"<p>[vc_row full_width=\u00bb\u00bb][vc_column][vc_column_text]<\/p>\n<p style=\"text-align: justify;\">Semsin le abre las puertas a su negocio en internet encarg\u00e1ndose de todo el proceso.<span style=\"line-height: 1.3em;\">Somos una empresa especializada en dise\u00f1o web y dinamizaci\u00f3n de redes sociales o social media Sabemos que un buen dise\u00f1o web permitir\u00e1 que su empresa acceda al nuevo mercado.<\/span><\/p>\n<p style=\"text-align: justify;\"><span style=\"line-height: 1.3em;\">Podr\u00e1 incrementar ventas, mantener un cat\u00e1logo online de sus productos, diferenciarte y mantener una informaci\u00f3n actualizada y personal con tus clientes.<\/span><\/p>\n<p style=\"text-align: justify;\"><strong><span style=\"line-height: 1.3em;\">Servicios ofertados:<\/span><\/strong><\/p>\n<ul style=\"text-align: justify;\">\n<li>Servicios<span style=\"line-height: 1.3em;\">\u00a0de dise\u00f1o: Dise\u00f1o web.<\/span><\/li>\n<li><span style=\"line-height: 1.3em;\">Redise\u00f1o de p\u00e1ginas web.<\/span><\/li>\n<li><span style=\"line-height: 1.3em;\">Dise\u00f1o e implementaci\u00f3n de tiendas online.<\/span><\/li>\n<li><span style=\"line-height: 1.3em;\">Creaci\u00f3n de intranets.<\/span><\/li>\n<li><span style=\"line-height: 1.3em;\">Posicionamiento de p\u00e1ginas web.<\/span><\/li>\n<li><span style=\"line-height: 1.3em;\">Promoci\u00f3n en buscadores &#8230;<\/span><\/li>\n<\/ul>\n<p style=\"text-align: justify;\">Ofrecemos un servicio integral a empresas que centran su enfoque estrat\u00e9gico en las nuevas tecnolog\u00edas y en el nuevo mundo\u00a0tecnol\u00f3gico.<\/p>\n<p>[\/vc_column_text][\/vc_column][\/vc_row][vc_row full_width=\u00bb\u00bb][vc_column]<div style=\"clear:both; width:100%; height:60px\"><\/div>[vc_single_image image=\u00bb5&#8243; img_size=\u00bbfull\u00bb alignment=\u00bbcenter\u00bb][vc_btn title=\u00bbSolicitar m\u00e1s informaci\u00f3n\u00bb color=\u00bbsky\u00bb size=\u00bblg\u00bb align=\u00bbcenter\u00bb link=\u00bburl:http%3A%2F%2Fwww.semsin.es%2Fweb%2F%23contacto|title:Contacto|\u00bb][\/vc_column][\/vc_row]<\/p>\n","protected":false},"excerpt":{"rendered":"<p>[vc_row full_width=\u00bb\u00bb][vc_column][vc_column_text] Semsin le abre las puertas a su negocio en internet encarg\u00e1ndose de todo el proceso.Somos una empresa especializada en dise\u00f1o web y dinamizaci\u00f3n&#8230;<\/p>\n<p class=\"readmore\"><a class=\"more-btn\" href=\"https:\/\/www.semsin.es\/web\/diseno-web\/\">Leer m\u00e1s<\/a><\/p>\n","protected":false},"author":1,"featured_media":0,"parent":0,"menu_order":0,"comment_status":"closed","ping_status":"closed","template":"","meta":{"_mi_skip_tracking":false},"_links":{"self":[{"href":"https:\/\/www.semsin.es\/web\/wp-json\/wp\/v2\/pages\/483"}],"collection":[{"href":"https:\/\/www.semsin.es\/web\/wp-json\/wp\/v2\/pages"}],"about":[{"href":"https:\/\/www.semsin.es\/web\/wp-json\/wp\/v2\/types\/page"}],"author":[{"embeddable":true,"href":"https:\/\/www.semsin.es\/web\/wp-json\/wp\/v2\/users\/1"}],"replies":[{"embeddable":true,"href":"https:\/\/www.semsin.es\/web\/wp-json\/wp\/v2\/comments?post=483"}],"version-history":[{"count":0,"href":"https:\/\/www.semsin.es\/web\/wp-json\/wp\/v2\/pages\/483\/revisions"}],"wp:attachment":[{"href":"https:\/\/www.semsin.es\/web\/wp-json\/wp\/v2\/media?parent=483"}],"curies":[{"name":"wp","href":"https:\/\/api.w.org\/{rel}","templated":true}]}}