{"id":476,"date":"2016-09-05T10:31:51","date_gmt":"2016-09-05T08:31:51","guid":{"rendered":"https:\/\/www.semsin.es\/web\/?page_id=476"},"modified":"2016-09-05T19:52:38","modified_gmt":"2016-09-05T17:52:38","slug":"seguridad","status":"publish","type":"page","link":"https:\/\/www.semsin.es\/web\/seguridad\/","title":{"rendered":"Seguridad"},"content":{"rendered":"<p>[vc_row full_width=\u00bb\u00bb][vc_column][vc_column_text]<\/p>\n<p style=\"text-align: justify;\">Semsin ofrece soluciones de seguridad completas como firewalls UTM de \u00faltima generaci\u00f3n que ofrecen seguridad por capas como protecci\u00f3n antivirus, antispyware, anti spam, prevenci\u00f3n de intrusiones IPS y filtrado de contenidos web. Nuestro servicio t\u00e9cnico est\u00e1 especializado en la\u00a0<span style=\"line-height: 1.3em;\">implantaci\u00f3n,\u00a0<\/span><span style=\"line-height: 1.3em;\">asesor\u00eda, gesti\u00f3n y mantenimiento tanto de software como hardware, desde la seguridad de red con firewalls UTM y Wifi, las soluciones SSL VPN de Acceso Remoto Seguro, la seguridad de correo electr\u00f3nico y anti spam, hasta las soluciones de Backup y copias de seguridad.<\/span><\/p>\n<p style=\"text-align: justify;\"><span style=\"line-height: 1.3em;\">Internet ofrece muchas ventajas, pero tambi\u00e9n pone en riesgo la seguridad de las empresas.<\/span><\/p>\n<p style=\"text-align: justify;\">Es sabido que internet es una puerta de informaci\u00f3n muy importante y todas las empresas necesitan estar conectado a la red de redes, por eso la seguridad inform\u00e1tica se le presentan unos retos de gran importancia:<\/p>\n<ul>\n<li style=\"text-align: justify;\"><span style=\"line-height: 1.3em;\">Controlar la navegaci\u00f3n de los usuarios.<\/span><\/li>\n<li><span style=\"line-height: 1.3em;\">Establecer pol\u00edticas que regulen el uso de aplicaciones y el acceso a estas.<\/span><\/li>\n<li><span style=\"line-height: 1.3em;\">Redes Sociales, Facebook, Twitter, etc.<\/span><\/li>\n<li><span style=\"line-height: 1.3em;\">Visualizaci\u00f3n de videos y TV, Youtube, etc&#8230;<\/span><\/li>\n<li><span style=\"line-height: 1.3em;\">Descargas P2P, Emule, Torrent, Mega&#8230;<\/span><\/li>\n<li><span style=\"line-height: 1.3em;\">Controlar la fuga de informaci\u00f3n.<\/span><\/li>\n<li><span style=\"line-height: 1.3em;\">Correos privados, Gmail, Hotmail, etc.<\/span><\/li>\n<li>&#8230;<\/li>\n<\/ul>\n<p>Semsin adem\u00e1s ofrece un servicio de Backup Online para que su empresa est\u00e9 protegida los 365 d\u00edas del a\u00f1o y que que no se preocupe del estado de las copias ni del estado de los dispositivos tales como discos duros externos, cintas DAT &#8230; Con el servicio de Backup Online los datos de su empresa estar\u00e1n resguardados de posibles hackeos o robo de datos.[\/vc_column_text][\/vc_column][\/vc_row][vc_row full_width=\u00bb\u00bb][vc_column]<div style=\"clear:both; width:100%; height:25px\"><\/div>[vc_column_text]<\/p>\n<p style=\"text-align: center;\"><strong>Caracter\u00edsticas<\/strong><\/p>\n<ul>\n<li style=\"text-align: justify;\"><span style=\"line-height: 1.3em;\">Backup de port\u00e1tiles, desktops, servidores y virtualizaci\u00f3n.<\/span><\/li>\n<li style=\"text-align: justify;\"><span style=\"line-height: 1.3em;\">Implantaci\u00f3n en empresas con delegaciones y m\u00faltiples usuarios y opci\u00f3n de servicio in-house.<\/span><\/li>\n<li style=\"text-align: justify;\"><span style=\"line-height: 1.3em;\">Sistemas Windows, Mac, Linux, Solaris, AIX, FreeBSD.<\/span><\/li>\n<li style=\"text-align: justify;\"><span style=\"line-height: 1.3em;\">Copia en caliente de SQL, Sharepoint, Oracle, Lotus Note, correo .pst y servidores Exchange.<\/span><\/li>\n<li style=\"text-align: justify;\"><span style=\"line-height: 1.3em;\">Infraestructura replicada.<\/span><\/li>\n<\/ul>\n<p style=\"text-align: justify;\">En Semsin somos partner autorizados de\u00a0Nod32 Antivirus, el l\u00edder mundial de antivirus y anti-spyware con gran gama de productos: Nod32 Smart Security, Nod32 EndPoint Security, Nod32 Antivirus Business &#8230; en los que encontrar\u00e1s toda la potencia de protecci\u00f3n y ligereza de Nod32, una soluci\u00f3n integral para proteger los equipos de su empresa con cortafuegos bidireccional, control web y gestionado de forma centralizada y remota.<\/p>\n<p style=\"text-align: justify;\">Con nuestras soluciones de seguridad inform\u00e1tica su negocio estar\u00e1 protegido.<\/p>\n<p>[\/vc_column_text]<div style=\"clear:both; width:100%; height:60px\"><\/div>[vc_single_image image=\u00bb5&#8243; img_size=\u00bbfull\u00bb alignment=\u00bbcenter\u00bb][vc_btn title=\u00bbSolicitar m\u00e1s informaci\u00f3n\u00bb color=\u00bbsky\u00bb size=\u00bblg\u00bb align=\u00bbcenter\u00bb link=\u00bburl:http%3A%2F%2Fwww.semsin.es%2Fweb%2F%23contacto|title:Contacto|\u00bb][\/vc_column][\/vc_row]<\/p>\n","protected":false},"excerpt":{"rendered":"<p>[vc_row full_width=\u00bb\u00bb][vc_column][vc_column_text] Semsin ofrece soluciones de seguridad completas como firewalls UTM de \u00faltima generaci\u00f3n que ofrecen seguridad por capas como protecci\u00f3n antivirus, antispyware, anti spam,&#8230;<\/p>\n<p class=\"readmore\"><a class=\"more-btn\" href=\"https:\/\/www.semsin.es\/web\/seguridad\/\">Leer m\u00e1s<\/a><\/p>\n","protected":false},"author":1,"featured_media":0,"parent":0,"menu_order":0,"comment_status":"closed","ping_status":"closed","template":"","meta":{"_mi_skip_tracking":false},"_links":{"self":[{"href":"https:\/\/www.semsin.es\/web\/wp-json\/wp\/v2\/pages\/476"}],"collection":[{"href":"https:\/\/www.semsin.es\/web\/wp-json\/wp\/v2\/pages"}],"about":[{"href":"https:\/\/www.semsin.es\/web\/wp-json\/wp\/v2\/types\/page"}],"author":[{"embeddable":true,"href":"https:\/\/www.semsin.es\/web\/wp-json\/wp\/v2\/users\/1"}],"replies":[{"embeddable":true,"href":"https:\/\/www.semsin.es\/web\/wp-json\/wp\/v2\/comments?post=476"}],"version-history":[{"count":0,"href":"https:\/\/www.semsin.es\/web\/wp-json\/wp\/v2\/pages\/476\/revisions"}],"wp:attachment":[{"href":"https:\/\/www.semsin.es\/web\/wp-json\/wp\/v2\/media?parent=476"}],"curies":[{"name":"wp","href":"https:\/\/api.w.org\/{rel}","templated":true}]}}