{"id":470,"date":"2016-09-05T10:25:28","date_gmt":"2016-09-05T08:25:28","guid":{"rendered":"https:\/\/www.semsin.es\/web\/?page_id=470"},"modified":"2016-09-05T10:27:19","modified_gmt":"2016-09-05T08:27:19","slug":"backup-online","status":"publish","type":"page","link":"https:\/\/www.semsin.es\/web\/backup-online\/","title":{"rendered":"Backup Online"},"content":{"rendered":"<p>[vc_row full_width=\u00bb\u00bb][vc_column][vc_column_text]<\/p>\n<p style=\"text-align: justify;\">Ofrecemos un servicio de Backup Online para que su empresa est\u00e9 protegida los 365 d\u00edas del a\u00f1o para que no se preocupe del estado de las copias ni del estado de los dispositivos tales como discos duros externos, cintas DAT &#8230;<\/p>\n<p style=\"text-align: justify;\">Con el servicio de Backup Online los datos de su empresa estar\u00e1n resguardados de posibles hackeos o robo de datos.<\/p>\n<p style=\"text-align: justify;\">Los sistemas de copias de seguridad en linea implementan en el ordenador cliente un servicio software que habitualmente se ejecuta una vez al d\u00eda. Este programa colecciona, comprime, cifra y transporta los datos a los servidores del proveedor del servicio de copias de seguridad remota aprovechando la velocidad de su conexi\u00f3n a internet sin que su red empresarial se vea afectada.<\/p>\n<p style=\"text-align: justify;\">Disponemos de varios planes de servicio de copias que se adaptar\u00edan a las necesidades de su negocio.<\/p>\n<p>[\/vc_column_text]<div id=\"advanced-tabs-desc-wrap-9229\" class=\"ult_tabs \" style=\" \" data-tabsstyle=\"style1\"\n data-titlebg=\"#e7ecea\" data-titlecolor=\"#000000\" data-fullheight=\"off\"\n data-titlehoverbg=\"#4f90d1\" data-titlehovercolor=\"#ffffff\"\n data-rotatetabs=\"0\" data-responsivemode=\"Both\" data-animation=\"Slide\"\ndata-activetitle=\"#ffffff\" data-activeicon=\"\" data-activebg=\"#4f90d1\"  data-respmode=\"Tabs\" data-respwidth=\"400\"><ul id=advanced-tabs-wrap-6807 class=\"ult_tabmenu style1 \" style=\"\"><li class=\"ult_tab_li   \" data-iconcolor=\"#74777b\" data-iconhover=\"#ffffff\" style=\"background-color:#e7ecea;border-color:transparent;border-width:0px;border-style:solid;border-top-left-radius:8px;\">\n\t\t\t\t\t<a href=\"#25589ac9-63ad-7\" id=\"25589ac9-63ad-7\" style=\"color:#000000;;  \" class=\"ult_a \">\n\t\t\t\t\t   <span class=\"ult_tab_main  Both \">\n\t\t\t\t\t    <span class=\"ult_tab_section\">\n\t\t\t\t\t  \t\t<span  data-ultimate-target='#advanced-tabs-wrap-6807 .ult-span-text'  data-responsive-json-new='{\"font-size\":\"desktop:15px;\",\"line-height\":\"\"}'  class=\"ult-span-text ult-responsive\" style=\"\">Caracter\u00edsticas<\/span>\n\t\t\t\t\t\t   \t<span class=\"aio-icon none ult_tab_iconright\" style=\"color:#74777b;font-size:15px;\">\n\t\t\t\t\t\t   \t<i class=\"   ult_tab_icon\"  ><\/i>\n\t\t\t\t\t\t   <\/span>\n\t\t\t\t\t\t<\/span>\n\t\t\t\t\t   <\/span>\n\n\t\t\t\t\t<\/a>\n\t\t\t\t\t<\/li><li class=\"ult_tab_li   \" data-iconcolor=\"#74777b\" data-iconhover=\"#ffffff\" style=\"background-color:#e7ecea;border-color:transparent;border-width:0px;border-style:solid;border-top-right-radius:8px;\">\n\t\t\t\t\t<a href=\"#073fbdc2-265e-5\" id=\"073fbdc2-265e-5\" style=\"color:#000000;;  \" class=\"ult_a \">\n\t\t\t\t\t   <span class=\"ult_tab_main  Both \">\n\t\t\t\t\t    <span class=\"ult_tab_section\">\n\t\t\t\t\t  \t\t<span  data-ultimate-target='#advanced-tabs-wrap-6807 .ult-span-text'  data-responsive-json-new='{\"font-size\":\"desktop:15px;\",\"line-height\":\"\"}'  class=\"ult-span-text ult-responsive\" style=\"\">Ventajas <\/span>\n\t\t\t\t\t\t   \t<span class=\"aio-icon none ult_tab_iconright\" style=\"color:#74777b;font-size:15px;\">\n\t\t\t\t\t\t   \t<i class=\"   ult_tab_icon\"  ><\/i>\n\t\t\t\t\t\t   <\/span>\n\t\t\t\t\t\t<\/span>\n\t\t\t\t\t   <\/span>\n\n\t\t\t\t\t<\/a>\n\t\t\t\t\t<\/li><\/ul><div  data-ultimate-target='#advanced-tabs-desc-wrap-9229 .ult_tabcontent .ult_tab_min_contain  p'  data-responsive-json-new='{\"font-size\":\"\",\"line-height\":\"\"}' class=\"ult_tabcontent ult-responsive style1\" style=\"color:#74777b;\"><div class=\"ult_tab_min_contain \" >\n\t\t\t<div  class=\"ult_tabitemname\"  >\n\t\t\t\t[vc_column_text]<\/p>\n<ul style=\"text-align: justify;\">\n<li><span style=\"line-height: 1.3em;\">Copias de seguridad de ficheros abiertos.<\/span><\/li>\n<li><span style=\"line-height: 1.3em;\">Servicio multiplataforma; puede hacer copias de seguridad de m\u00faltiples plataformas.<\/span><\/li>\n<li><span style=\"line-height: 1.3em;\">Multi Ubicaci\u00f3n.<\/span><\/li>\n<li><span style=\"line-height: 1.3em;\">Copias de seguridad programada.<\/span><\/li>\n<li><span style=\"line-height: 1.3em;\">Acceso en l\u00ednea a los ficheros desde cualquier parte del mundo y desde cualquier medio.<\/span><\/li>\n<li><span style=\"line-height: 1.3em;\">Comprension de datos y cifrado de los mismos<\/span><\/li>\n<\/ul>\n<p>[\/vc_column_text]\n\t\t\t<\/div>\n\t\t\t<div  class=\"ult_tabitemname\"  >\n\t\t\t\t[vc_column_text]<\/p>\n<ul>\n<li style=\"text-align: justify;\"><span style=\"line-height: 1.3em;\">Servicios en clientes de 1GB a TB.<\/span><\/li>\n<li style=\"text-align: justify;\"><span style=\"line-height: 1.3em;\">Backup de port\u00e1tiles, desktops, servidores y virtualizaci\u00f3n.<\/span><\/li>\n<li style=\"text-align: justify;\"><span style=\"line-height: 1.3em;\">Implantaci\u00f3n en empresas con delegaciones y m\u00faltiples usuarios y opci\u00f3n de servicio in-house.<\/span><\/li>\n<li style=\"text-align: justify;\"><span style=\"line-height: 1.3em;\">Sistemas Windows, Mac, Linux, Solaris, AIX, FreeBSD.<\/span><\/li>\n<li style=\"text-align: justify;\"><span style=\"line-height: 1.3em;\">Copia en caliente de SQL, Sharepoint, Oracle, Lotus Note, correo .pst y servidores Exchange.<\/span><\/li>\n<li style=\"text-align: justify;\"><span style=\"line-height: 1.3em;\">Infraestructura replicada.<\/span><\/li>\n<li style=\"text-align: justify;\"><span style=\"line-height: 1.3em;\">Panel de Control de alertas y estad\u00edsticas de uso.<\/span><\/li>\n<li style=\"text-align: justify;\"><span style=\"line-height: 1.3em;\">Contrato de servicio con el cliente.<\/span><\/li>\n<li style=\"text-align: justify;\"><span style=\"line-height: 1.3em;\">Backup con soporte especializado.<\/span><\/li>\n<\/ul>\n<p>[\/vc_column_text]\n\t\t\t<\/div><\/div><\/div><\/div><div class=\"ult_acord\">\n   <div class=\"ult-tabto-accordion \" style=\"width:;\"\n    data-titlecolor=\"#000000\"  data-titlebg=\"#e7ecea\"\n     data-titlehoverbg=\"#4f90d1\" data-titlehovercolor=\"#ffffff\" data-animation=\"Slide\"\n     data-activetitle=\"#ffffff\" data-activeicon=\"\" data-activebg=\"#4f90d1\">\n     <dl><dt class=\"\">\n        \t<a class=\"ult-tabto-actitle withBorder ult_a\" id=\"25589ac9-63ad-7\" style=\"color:#000000;;background-color:#e7ecea;border-bottom-color:transparent;border-bottom-width:0px;border-bottom-style:solid;\" href=\"#25589ac9-63ad-7\">\n        \t\t<i class=\"accordion-icon\">+<\/i>\n        \t\t\t<span class=\"ult_tab_main ult_ac_mainBoth\">\n\t\t\t\t\t   <span  data-ultimate-target='#advanced-tabs-wrap-6807 .ult-span-text'  data-responsive-json-new='{\"font-size\":\"desktop:15px;\",\"line-height\":\"\"}'  class=\"ult-span-text ult_acordian-text ult-responsive\" style=\";color:inherit \" >Caracter\u00edsticas<\/span>\n\t\t\t\t\t<\/span>\n\t\t\t\t\t   <div class=\"aio-icon none \" style=\"color:#74777b;font-size:15px;\" data-iconcolor=\"#74777b\" data-iconhover=\"#ffffff\">\n\t\t\t\t\t   <i class=\"    ult_tab_icon\"  ><\/i>\n\t\t\t\t\t   <\/div>\n\t\t\t\t\t<\/a><\/dt>\n            \t\t<dd class=\"ult-tabto-accordionItem ult-tabto-accolapsed\">\n\t\t\t            <div class=\"ult-tabto-acontent\" style=\"color:#74777b;\">\n\t\t\t               [vc_column_text]<\/p>\n<ul style=\"text-align: justify;\">\n<li><span style=\"line-height: 1.3em;\">Copias de seguridad de ficheros abiertos.<\/span><\/li>\n<li><span style=\"line-height: 1.3em;\">Servicio multiplataforma; puede hacer copias de seguridad de m\u00faltiples plataformas.<\/span><\/li>\n<li><span style=\"line-height: 1.3em;\">Multi Ubicaci\u00f3n.<\/span><\/li>\n<li><span style=\"line-height: 1.3em;\">Copias de seguridad programada.<\/span><\/li>\n<li><span style=\"line-height: 1.3em;\">Acceso en l\u00ednea a los ficheros desde cualquier parte del mundo y desde cualquier medio.<\/span><\/li>\n<li><span style=\"line-height: 1.3em;\">Comprension de datos y cifrado de los mismos<\/span><\/li>\n<\/ul>\n<p>[\/vc_column_text]\n\t\t\t            <\/div>\n        \t<\/dd><dt class=\"\">\n        \t<a class=\"ult-tabto-actitle withBorder ult_a\" id=\"073fbdc2-265e-5\" style=\"color:#000000;;background-color:#e7ecea;border-bottom-color:transparent;border-bottom-width:0px;border-bottom-style:solid;border-bottom-color:transparent;border-bottom-width:0px;border-bottom-style:solid;\" href=\"#073fbdc2-265e-5\">\n        \t\t<i class=\"accordion-icon\">+<\/i>\n        \t\t\t<span class=\"ult_tab_main ult_ac_mainBoth\">\n\t\t\t\t\t   <span  data-ultimate-target='#advanced-tabs-wrap-6807 .ult-span-text'  data-responsive-json-new='{\"font-size\":\"desktop:15px;\",\"line-height\":\"\"}'  class=\"ult-span-text ult_acordian-text ult-responsive\" style=\";color:inherit \" >Ventajas <\/span>\n\t\t\t\t\t<\/span>\n\t\t\t\t\t   <div class=\"aio-icon none \" style=\"color:#74777b;font-size:15px;\" data-iconcolor=\"#74777b\" data-iconhover=\"#ffffff\">\n\t\t\t\t\t   <i class=\"    ult_tab_icon\"  ><\/i>\n\t\t\t\t\t   <\/div>\n\t\t\t\t\t<\/a><\/dt>\n            \t\t<dd class=\"ult-tabto-accordionItem ult-tabto-accolapsed\">\n\t\t\t            <div class=\"ult-tabto-acontent\" style=\"color:#74777b;\">\n\t\t\t               [vc_column_text]<\/p>\n<ul>\n<li style=\"text-align: justify;\"><span style=\"line-height: 1.3em;\">Servicios en clientes de 1GB a TB.<\/span><\/li>\n<li style=\"text-align: justify;\"><span style=\"line-height: 1.3em;\">Backup de port\u00e1tiles, desktops, servidores y virtualizaci\u00f3n.<\/span><\/li>\n<li style=\"text-align: justify;\"><span style=\"line-height: 1.3em;\">Implantaci\u00f3n en empresas con delegaciones y m\u00faltiples usuarios y opci\u00f3n de servicio in-house.<\/span><\/li>\n<li style=\"text-align: justify;\"><span style=\"line-height: 1.3em;\">Sistemas Windows, Mac, Linux, Solaris, AIX, FreeBSD.<\/span><\/li>\n<li style=\"text-align: justify;\"><span style=\"line-height: 1.3em;\">Copia en caliente de SQL, Sharepoint, Oracle, Lotus Note, correo .pst y servidores Exchange.<\/span><\/li>\n<li style=\"text-align: justify;\"><span style=\"line-height: 1.3em;\">Infraestructura replicada.<\/span><\/li>\n<li style=\"text-align: justify;\"><span style=\"line-height: 1.3em;\">Panel de Control de alertas y estad\u00edsticas de uso.<\/span><\/li>\n<li style=\"text-align: justify;\"><span style=\"line-height: 1.3em;\">Contrato de servicio con el cliente.<\/span><\/li>\n<li style=\"text-align: justify;\"><span style=\"line-height: 1.3em;\">Backup con soporte especializado.<\/span><\/li>\n<\/ul>\n<p>[\/vc_column_text]\n\t\t\t            <\/div>\n        \t<\/dd>\n    \t<\/dl>\n    <!--<div class=\"extraborder\" style=\"background-color:#4f90d1\"><\/div>-->\n<\/div>\n\n<\/div>[\/vc_column][\/vc_row][vc_row full_width=\u00bb\u00bb][vc_column][vc_separator]<div style=\"clear:both; width:100%; height:60px\"><\/div>[vc_single_image image=\u00bb5&#8243; img_size=\u00bbfull\u00bb alignment=\u00bbcenter\u00bb][vc_btn title=\u00bbSolicitar m\u00e1s informaci\u00f3n\u00bb color=\u00bbsky\u00bb size=\u00bblg\u00bb align=\u00bbcenter\u00bb link=\u00bburl:..%2Fcontacto||\u00bb][\/vc_column][\/vc_row]<\/p>\n","protected":false},"excerpt":{"rendered":"<p>[vc_row full_width=\u00bb\u00bb][vc_column][vc_column_text] Ofrecemos un servicio de Backup Online para que su empresa est\u00e9 protegida los 365 d\u00edas del a\u00f1o para que no se preocupe del&#8230;<\/p>\n<p class=\"readmore\"><a class=\"more-btn\" href=\"https:\/\/www.semsin.es\/web\/backup-online\/\">Leer m\u00e1s<\/a><\/p>\n","protected":false},"author":1,"featured_media":0,"parent":0,"menu_order":0,"comment_status":"closed","ping_status":"closed","template":"","meta":{"_mi_skip_tracking":false},"_links":{"self":[{"href":"https:\/\/www.semsin.es\/web\/wp-json\/wp\/v2\/pages\/470"}],"collection":[{"href":"https:\/\/www.semsin.es\/web\/wp-json\/wp\/v2\/pages"}],"about":[{"href":"https:\/\/www.semsin.es\/web\/wp-json\/wp\/v2\/types\/page"}],"author":[{"embeddable":true,"href":"https:\/\/www.semsin.es\/web\/wp-json\/wp\/v2\/users\/1"}],"replies":[{"embeddable":true,"href":"https:\/\/www.semsin.es\/web\/wp-json\/wp\/v2\/comments?post=470"}],"version-history":[{"count":0,"href":"https:\/\/www.semsin.es\/web\/wp-json\/wp\/v2\/pages\/470\/revisions"}],"wp:attachment":[{"href":"https:\/\/www.semsin.es\/web\/wp-json\/wp\/v2\/media?parent=470"}],"curies":[{"name":"wp","href":"https:\/\/api.w.org\/{rel}","templated":true}]}}