{"id":464,"date":"2016-09-05T10:13:03","date_gmt":"2016-09-05T08:13:03","guid":{"rendered":"https:\/\/www.semsin.es\/web\/?page_id=464"},"modified":"2016-09-05T19:52:10","modified_gmt":"2016-09-05T17:52:10","slug":"soporte-y-mantenimiento","status":"publish","type":"page","link":"https:\/\/www.semsin.es\/web\/soporte-y-mantenimiento\/","title":{"rendered":"Soporte y mantenimiento"},"content":{"rendered":"<p>[vc_row full_width=\u00bb\u00bb][vc_column][vc_column_text]<\/p>\n<p style=\"text-align: justify;\">Cada problema tiene su soluci\u00f3n y por ello SEMSIN puede cubrir un mantenimiento y soporte inform\u00e1tico integral Online y presencial de su empresa.<\/p>\n<p style=\"text-align: justify;\">Llegan a nuestro portafolio de servicios, las modalidades de contrato m\u00e1s beneficiosas para nuestros clientes. Son unas modalidades de contrato de soporte, para aquellos clientes que necesitan acceder a nuestros servicios a precios muy competitivos.<\/p>\n<p style=\"text-align: justify;\">Una vez contratado autom\u00e1ticamente su empresa pasar\u00e1 a tener m\u00e1xima prioridad para nosotros.<\/p>\n<p>[\/vc_column_text][\/vc_column][\/vc_row][vc_row full_width=\u00bb\u00bb][vc_column]<div style=\"clear:both; width:100%; height:25px\"><\/div>[vc_column_text]Podr\u00e1 obtener las siguientes ventajas:<\/p>\n<ul>\n<li>Prioridad en resoluci\u00f3n de fallos y t\u00e9cnico asignado.<\/li>\n<li>Asistencia t\u00e9cnica online en menos de dos horas, y presencial en menos de ocho horas.<\/li>\n<li>Daremos soporte a todo su sistema inform\u00e1tico.<\/li>\n<li>Totalmente transparente: podr\u00e1 consultar todas nuestras asistencias.<\/li>\n<\/ul>\n<p>[\/vc_column_text]<div style=\"clear:both; width:100%; height:60px\"><\/div>[vc_single_image image=\u00bb5&#8243; img_size=\u00bbfull\u00bb alignment=\u00bbcenter\u00bb][vc_btn title=\u00bbSolicitar m\u00e1s informaci\u00f3n\u00bb color=\u00bbsky\u00bb size=\u00bblg\u00bb align=\u00bbcenter\u00bb link=\u00bburl:http%3A%2F%2Fwww.semsin.es%2Fweb%2F%23contacto|title:Contacto|\u00bb][\/vc_column][\/vc_row]<\/p>\n","protected":false},"excerpt":{"rendered":"<p>[vc_row full_width=\u00bb\u00bb][vc_column][vc_column_text] Cada problema tiene su soluci\u00f3n y por ello SEMSIN puede cubrir un mantenimiento y soporte inform\u00e1tico integral Online y presencial de su empresa&#8230;.<\/p>\n<p class=\"readmore\"><a class=\"more-btn\" href=\"https:\/\/www.semsin.es\/web\/soporte-y-mantenimiento\/\">Leer m\u00e1s<\/a><\/p>\n","protected":false},"author":1,"featured_media":0,"parent":0,"menu_order":0,"comment_status":"closed","ping_status":"closed","template":"","meta":{"_mi_skip_tracking":false},"_links":{"self":[{"href":"https:\/\/www.semsin.es\/web\/wp-json\/wp\/v2\/pages\/464"}],"collection":[{"href":"https:\/\/www.semsin.es\/web\/wp-json\/wp\/v2\/pages"}],"about":[{"href":"https:\/\/www.semsin.es\/web\/wp-json\/wp\/v2\/types\/page"}],"author":[{"embeddable":true,"href":"https:\/\/www.semsin.es\/web\/wp-json\/wp\/v2\/users\/1"}],"replies":[{"embeddable":true,"href":"https:\/\/www.semsin.es\/web\/wp-json\/wp\/v2\/comments?post=464"}],"version-history":[{"count":0,"href":"https:\/\/www.semsin.es\/web\/wp-json\/wp\/v2\/pages\/464\/revisions"}],"wp:attachment":[{"href":"https:\/\/www.semsin.es\/web\/wp-json\/wp\/v2\/media?parent=464"}],"curies":[{"name":"wp","href":"https:\/\/api.w.org\/{rel}","templated":true}]}}