{"id":460,"date":"2016-08-09T18:59:36","date_gmt":"2016-08-09T16:59:36","guid":{"rendered":"https:\/\/www.semsin.es\/web\/?page_id=460"},"modified":"2016-09-05T19:52:30","modified_gmt":"2016-09-05T17:52:30","slug":"sistemas-operativos","status":"publish","type":"page","link":"https:\/\/www.semsin.es\/web\/sistemas-operativos\/","title":{"rendered":"Sistemas operativos"},"content":{"rendered":"<p>[vc_row full_width=\u00bb\u00bb][vc_column][vc_column_text]<\/p>\n<p style=\"text-align: justify;\">En <strong>Semsin<\/strong> contamos con t\u00e9cnicos expertos en los distintos sistemas operativos existentes en el mercado actual. Aunque la mayor\u00eda de nuestros clientes trabajan bajo entornos Microsoft (Windows Server 2012, Windows 8, Windows XP&#8230;), muchos otros lo hacen bajo licencia de software libre (Ubuntu, Debian, XUbuntu, Suse..) y otros bajo el techo de IOs. Para todos ellos tenemos la soluci\u00f3n a los problemas que van surgiendo en el d\u00eda a d\u00eda de su negocio.<\/p>\n<p style=\"text-align: justify;\">Ofrecemos servicio a domicilio para configuraci\u00f3n, implementaci\u00f3n, detecci\u00f3n y eliminaci\u00f3n de software mal intencionado, mantenimiento, soluci\u00f3n de problemas\u2026 entre otros de los muchos servicios que en Semsin somos capaces de ofrecer.<\/p>\n<p>[\/vc_column_text][vc_separator][\/vc_column][\/vc_row][vc_row full_width=\u00bb\u00bb][vc_column]<div style=\"clear:both; width:100%; height:25px\"><\/div>[vc_column_text]<\/p>\n<p style=\"text-align: center;\"><strong>Capacidades<\/strong>:<\/p>\n<ul>\n<li style=\"text-align: justify;\">RConocimiento de los \u00faltimos y m\u00e1s modernos sistemas.<\/li>\n<li style=\"text-align: justify;\">R\u00e1pida respuesta adaptada a las necesidades del cliente.<\/li>\n<li style=\"text-align: justify;\">Puesta a punto r\u00e1pida de sus sistemas.<\/li>\n<li style=\"text-align: justify;\">Velocidad de respuesta a sus problemas.<\/li>\n<li style=\"text-align: justify;\">Instalaci\u00f3n, implementaci\u00f3n, configuraci\u00f3n de rendimiento&#8230;para una respuesta del sistema satisfactoria.<\/li>\n<li style=\"text-align: justify;\">Soluciones de escritorio remoto: Licencias de Terminal Server.<\/li>\n<li style=\"text-align: justify;\">Soluciones de seguridad: Firewall, IDS, Certificados digitales&#8230;<\/li>\n<\/ul>\n<p>[\/vc_column_text]<div style=\"clear:both; width:100%; height:60px\"><\/div>[vc_single_image image=\u00bb5&#8243; img_size=\u00bbfull\u00bb alignment=\u00bbcenter\u00bb][vc_btn title=\u00bbSolicitar m\u00e1s informaci\u00f3n\u00bb color=\u00bbsky\u00bb size=\u00bblg\u00bb align=\u00bbcenter\u00bb link=\u00bburl:http%3A%2F%2Fwww.semsin.es%2Fweb%2F%23contacto|title:Contacto|\u00bb][\/vc_column][\/vc_row]<\/p>\n","protected":false},"excerpt":{"rendered":"<p>[vc_row full_width=\u00bb\u00bb][vc_column][vc_column_text] En Semsin contamos con t\u00e9cnicos expertos en los distintos sistemas operativos existentes en el mercado actual. Aunque la mayor\u00eda de nuestros clientes trabajan&#8230;<\/p>\n<p class=\"readmore\"><a class=\"more-btn\" href=\"https:\/\/www.semsin.es\/web\/sistemas-operativos\/\">Leer m\u00e1s<\/a><\/p>\n","protected":false},"author":1,"featured_media":0,"parent":0,"menu_order":0,"comment_status":"closed","ping_status":"closed","template":"","meta":{"_mi_skip_tracking":false},"_links":{"self":[{"href":"https:\/\/www.semsin.es\/web\/wp-json\/wp\/v2\/pages\/460"}],"collection":[{"href":"https:\/\/www.semsin.es\/web\/wp-json\/wp\/v2\/pages"}],"about":[{"href":"https:\/\/www.semsin.es\/web\/wp-json\/wp\/v2\/types\/page"}],"author":[{"embeddable":true,"href":"https:\/\/www.semsin.es\/web\/wp-json\/wp\/v2\/users\/1"}],"replies":[{"embeddable":true,"href":"https:\/\/www.semsin.es\/web\/wp-json\/wp\/v2\/comments?post=460"}],"version-history":[{"count":0,"href":"https:\/\/www.semsin.es\/web\/wp-json\/wp\/v2\/pages\/460\/revisions"}],"wp:attachment":[{"href":"https:\/\/www.semsin.es\/web\/wp-json\/wp\/v2\/media?parent=460"}],"curies":[{"name":"wp","href":"https:\/\/api.w.org\/{rel}","templated":true}]}}