{"id":399,"date":"2016-09-06T11:04:56","date_gmt":"2016-09-06T09:04:56","guid":{"rendered":"https:\/\/www.semsin.es\/web\/?page_id=399"},"modified":"2016-09-06T12:44:02","modified_gmt":"2016-09-06T10:44:02","slug":"xagros","status":"publish","type":"page","link":"https:\/\/www.semsin.es\/web\/programacion-a-medida\/xagros\/","title":{"rendered":"xAGROS"},"content":{"rendered":"<p>[vc_row][vc_column][vc_custom_heading text=\u00bbGesti\u00f3n y control del fitosanitario\u00bb font_container=\u00bbtag:h2|text_align:center\u00bb google_fonts=\u00bbfont_family:Montserrat%3Aregular%2C700|font_style:400%20regular%3A400%3Anormal\u00bb][vc_custom_heading text=\u00bbCuadernos por explotaciones; impresi\u00f3n modelo oficial de la Xunta de Galicia\u00bb font_container=\u00bbtag:h3|text_align:center\u00bb google_fonts=\u00bbfont_family:Montserrat%3Aregular%2C700|font_style:400%20regular%3A400%3Anormal\u00bb][\/vc_column][\/vc_row][vc_row full_width=\u00bb\u00bb][vc_column][vc_column_text]<\/p>\n<p style=\"text-align: justify;\"><span style=\"line-height: 1.3em;\"><img loading=\"lazy\" class=\"wp-image-559 alignleft\" src=\"https:\/\/www.semsin.es\/web\/wp-content\/uploads\/2016\/09\/xAGROS_300x300-300x259.png\" alt=\"xAGROS_300x300\" width=\"146\" height=\"126\" \/>Con xAGROS dispondr\u00e1 de una gesti\u00f3n por cuadernos de tratamientos fitosanitarios de sus explotaciones, parcelas, cultivos , as\u00ed como de los elementos, maquinaria y almacenes. Dispondr\u00e1 de controles personales y t\u00e9cnicos.\u00a0<\/span><\/p>\n<p style=\"text-align: justify;\"><strong>xAGROS<\/strong> le ofrece la impresi\u00f3n de los cuadernos oficiales obligatorios por la Xunta de Galicia de una manera r\u00e1pida y f\u00e1cil.<\/p>\n<p>[\/vc_column_text][vc_separator][\/vc_column][\/vc_row][vc_row full_width=\u00bb\u00bb][vc_column]<div style=\"clear:both; width:100%; height:25px\"><\/div>[vc_column_text css_animation=\u00bbtop-to-bottom\u00bb]<\/p>\n<h3 style=\"text-align: center;\"><span style=\"line-height: 1.3em;\"><strong>\u00bfQu\u00e9 es xAGROS?<\/strong><\/span><\/h3>\n<p style=\"text-align: left;\">xAGROS es un programa de gesti\u00f3n de cuadernos de explotaciones. En el podemos\u00a0controlar de forma ordenada todas las parcelas con la informaci\u00f3n completa con referencias del sixPac y datos agron\u00f3micos. La inclusi\u00f3n de parcelas incluidas en Zepa, niveles de protecci\u00f3n, masas de agua, pozos, equipos de aplicaci\u00f3n, elementos de transporte, as\u00ed como control de t\u00e9cnicos y contratos del personal de la explotaci\u00f3n y control de sus carnets de aplicaci\u00f3n.<\/p>\n<p style=\"text-align: left;\">Dispone de cuadernos por a\u00f1o donde se puede registrar de forma f\u00e1cil e intuitiva los tratamientos y actuaciones realizadas en las parcelas o cultivos.<\/p>\n<h3 style=\"text-align: center;\"><strong>\u00bfQu\u00e9 ventajas tiene?<\/strong><\/h3>\n<p>[\/vc_column_text]<div id=\"advanced-tabs-desc-wrap-7369\" class=\"ult_tabs \" style=\" \" data-tabsstyle=\"style1\"\n data-titlebg=\"#e7ecea\" data-titlecolor=\"#74777b\" data-fullheight=\"off\"\n data-titlehoverbg=\"#4f90d1\" data-titlehovercolor=\"#ffffff\"\n data-rotatetabs=\"0\" data-responsivemode=\"Both\" data-animation=\"Slide\"\ndata-activetitle=\"#ffffff\" data-activeicon=\"\" data-activebg=\"#4f90d1\"  data-respmode=\"Tabs\" data-respwidth=\"400\"><ul id=advanced-tabs-wrap-1203 class=\"ult_tabmenu style1 \" style=\"\"><li class=\"ult_tab_li   \" data-iconcolor=\"#74777b\" data-iconhover=\"#ffffff\" style=\"background-color:#e7ecea;border-color:transparent;border-width:0px;border-style:solid;border-top-left-radius:8px;\">\n\t\t\t\t\t<a href=\"#47a6ccca-65ae-4\" id=\"47a6ccca-65ae-4\" style=\"color:#74777b;;  \" class=\"ult_a \">\n\t\t\t\t\t   <span class=\"ult_tab_main  Both \">\n\t\t\t\t\t    <span class=\"ult_tab_section\">\n\t\t\t\t\t  \t\t<span  data-ultimate-target='#advanced-tabs-wrap-1203 .ult-span-text'  data-responsive-json-new='{\"font-size\":\"desktop:15px;\",\"line-height\":\"\"}'  class=\"ult-span-text ult-responsive\" style=\"\">C\u00f3modo y f\u00e1cil<\/span>\n\t\t\t\t\t\t   \t<span class=\"aio-icon none ult_tab_iconright\" style=\"color:#74777b;font-size:15px;\">\n\t\t\t\t\t\t   \t<i class=\"   ult_tab_icon\"  ><\/i>\n\t\t\t\t\t\t   <\/span>\n\t\t\t\t\t\t<\/span>\n\t\t\t\t\t   <\/span>\n\n\t\t\t\t\t<\/a>\n\t\t\t\t\t<\/li><li class=\"ult_tab_li   \" data-iconcolor=\"#74777b\" data-iconhover=\"#ffffff\" style=\"background-color:#e7ecea;border-color:transparent;border-width:0px;border-style:solid;\">\n\t\t\t\t\t<a href=\"#306bfe91-b4b2-4\" id=\"306bfe91-b4b2-4\" style=\"color:#74777b;;  \" class=\"ult_a \">\n\t\t\t\t\t   <span class=\"ult_tab_main  Both \">\n\t\t\t\t\t    <span class=\"ult_tab_section\">\n\t\t\t\t\t  \t\t<span  data-ultimate-target='#advanced-tabs-wrap-1203 .ult-span-text'  data-responsive-json-new='{\"font-size\":\"desktop:15px;\",\"line-height\":\"\"}'  class=\"ult-span-text ult-responsive\" style=\"\">Control de tratamientos<\/span>\n\t\t\t\t\t\t   \t<span class=\"aio-icon none ult_tab_iconright\" style=\"color:#74777b;font-size:15px;\">\n\t\t\t\t\t\t   \t<i class=\"   ult_tab_icon\"  ><\/i>\n\t\t\t\t\t\t   <\/span>\n\t\t\t\t\t\t<\/span>\n\t\t\t\t\t   <\/span>\n\n\t\t\t\t\t<\/a>\n\t\t\t\t\t<\/li><li class=\"ult_tab_li   \" data-iconcolor=\"#74777b\" data-iconhover=\"#ffffff\" style=\"background-color:#e7ecea;border-color:transparent;border-width:0px;border-style:solid;\">\n\t\t\t\t\t<a href=\"#1473151283628-2-4\" id=\"1473151283628-2-4\" style=\"color:#74777b;;  \" class=\"ult_a \">\n\t\t\t\t\t   <span class=\"ult_tab_main  Both \">\n\t\t\t\t\t    <span class=\"ult_tab_section\">\n\t\t\t\t\t  \t\t<span  data-ultimate-target='#advanced-tabs-wrap-1203 .ult-span-text'  data-responsive-json-new='{\"font-size\":\"desktop:15px;\",\"line-height\":\"\"}'  class=\"ult-span-text ult-responsive\" style=\"\">Impresi\u00f3n del modelo oficial<\/span>\n\t\t\t\t\t\t   \t<span class=\"aio-icon none ult_tab_iconright\" style=\"color:#74777b;font-size:15px;\">\n\t\t\t\t\t\t   \t<i class=\"   ult_tab_icon\"  ><\/i>\n\t\t\t\t\t\t   <\/span>\n\t\t\t\t\t\t<\/span>\n\t\t\t\t\t   <\/span>\n\n\t\t\t\t\t<\/a>\n\t\t\t\t\t<\/li><li class=\"ult_tab_li   \" data-iconcolor=\"#74777b\" data-iconhover=\"#ffffff\" style=\"background-color:#e7ecea;border-color:transparent;border-width:0px;border-style:solid;border-top-right-radius:8px;\">\n\t\t\t\t\t<a href=\"#1473151285003-3-8\" id=\"1473151285003-3-8\" style=\"color:#74777b;;  \" class=\"ult_a \">\n\t\t\t\t\t   <span class=\"ult_tab_main  Both \">\n\t\t\t\t\t    <span class=\"ult_tab_section\">\n\t\t\t\t\t  \t\t<span  data-ultimate-target='#advanced-tabs-wrap-1203 .ult-span-text'  data-responsive-json-new='{\"font-size\":\"desktop:15px;\",\"line-height\":\"\"}'  class=\"ult-span-text ult-responsive\" style=\"\">Gesti\u00f3n de stock<\/span>\n\t\t\t\t\t\t   \t<span class=\"aio-icon none ult_tab_iconright\" style=\"color:#74777b;font-size:15px;\">\n\t\t\t\t\t\t   \t<i class=\"   ult_tab_icon\"  ><\/i>\n\t\t\t\t\t\t   <\/span>\n\t\t\t\t\t\t<\/span>\n\t\t\t\t\t   <\/span>\n\n\t\t\t\t\t<\/a>\n\t\t\t\t\t<\/li><\/ul><div  data-ultimate-target='#advanced-tabs-desc-wrap-7369 .ult_tabcontent .ult_tab_min_contain  p'  data-responsive-json-new='{\"font-size\":\"\",\"line-height\":\"\"}' class=\"ult_tabcontent ult-responsive style1\" style=\"color:#74777b;\"><div class=\"ult_tab_min_contain \" >\n\t\t\t<div  class=\"ult_tabitemname\"  >\n\t\t\t\t[vc_column_text]<\/p>\n<p style=\"text-align: justify;\"><img loading=\"lazy\" class=\"wp-image-563 alignleft\" src=\"https:\/\/www.semsin.es\/web\/wp-content\/uploads\/2016\/09\/windows.png\" alt=\"windows\" width=\"72\" height=\"72\" \/>Est\u00e1 realizado y dise\u00f1ado en entorno de ventanas para que el usuario tenga que intervenir en la menor medida a la hora de introducir los datos, facilidad en la b\u00fasqueda de informaci\u00f3n, ya que solo con poner alg\u00fan dato en el campo\u00a0descripci\u00f3n o en el nombre, xAGROS localizada la informaci\u00f3n r\u00e1pidamente<\/p>\n<p>[\/vc_column_text]\n\t\t\t<\/div>\n\t\t\t<div  class=\"ult_tabitemname\"  >\n\t\t\t\t[vc_column_text]<\/p>\n<p style=\"text-align: justify;\"><img loading=\"lazy\" class=\" wp-image-562 alignleft\" src=\"https:\/\/www.semsin.es\/web\/wp-content\/uploads\/2016\/09\/tratamiento.png\" alt=\"tratamiento\" width=\"61\" height=\"61\" \/>Podr\u00e1 saber en cualquier momento la cantidad de tratamientos realizados por parcela o grupo de parcelas, cultivos o placas con informaci\u00f3n de la dosis aplicada.<\/p>\n<p>[\/vc_column_text]\n\t\t\t<\/div>\n\t\t\t<div  class=\"ult_tabitemname\"  >\n\t\t\t\t[vc_column_text]<\/p>\n<p style=\"text-align: justify;\"><img loading=\"lazy\" class=\" wp-image-564 alignleft\" src=\"https:\/\/www.semsin.es\/web\/wp-content\/uploads\/2016\/09\/xunta.jpg\" alt=\"xunta\" width=\"55\" height=\"71\" \/>Tendr\u00e1 a su disposici\u00f3n la utilidad de impresi\u00f3n del cuaderno oficial de la Xunta de Galicia con la relaci\u00f3n de parcelas inscritas y sus actuaciones durante el a\u00f1o.<\/p>\n<p>[\/vc_column_text]\n\t\t\t<\/div>\n\t\t\t<div  class=\"ult_tabitemname\"  >\n\t\t\t\t[vc_column_text]<\/p>\n<p style=\"text-align: justify;\"><img loading=\"lazy\" class=\"wp-image-561 alignleft\" src=\"https:\/\/www.semsin.es\/web\/wp-content\/uploads\/2016\/09\/carro.png\" alt=\"carro\" width=\"55\" height=\"55\" \/>Registre la venta de cultivos con la gesti\u00f3n de clientes y tenga el control de la compra de productos fitosanitarios y posterior gesti\u00f3n de stock.<\/p>\n<p>[\/vc_column_text]\n\t\t\t<\/div><\/div><\/div><\/div><div class=\"ult_acord\">\n   <div class=\"ult-tabto-accordion \" style=\"width:;\"\n    data-titlecolor=\"#74777b\"  data-titlebg=\"#e7ecea\"\n     data-titlehoverbg=\"#4f90d1\" data-titlehovercolor=\"#ffffff\" data-animation=\"Slide\"\n     data-activetitle=\"#ffffff\" data-activeicon=\"\" data-activebg=\"#4f90d1\">\n     <dl><dt class=\"\">\n        \t<a class=\"ult-tabto-actitle withBorder ult_a\" id=\"47a6ccca-65ae-4\" style=\"color:#74777b;;background-color:#e7ecea;border-bottom-color:transparent;border-bottom-width:0px;border-bottom-style:solid;\" href=\"#47a6ccca-65ae-4\">\n        \t\t<i class=\"accordion-icon\">+<\/i>\n        \t\t\t<span class=\"ult_tab_main ult_ac_mainBoth\">\n\t\t\t\t\t   <span  data-ultimate-target='#advanced-tabs-wrap-1203 .ult-span-text'  data-responsive-json-new='{\"font-size\":\"desktop:15px;\",\"line-height\":\"\"}'  class=\"ult-span-text ult_acordian-text ult-responsive\" style=\";color:inherit \" >C\u00f3modo y f\u00e1cil<\/span>\n\t\t\t\t\t<\/span>\n\t\t\t\t\t   <div class=\"aio-icon none \" style=\"color:#74777b;font-size:15px;\" data-iconcolor=\"#74777b\" data-iconhover=\"#ffffff\">\n\t\t\t\t\t   <i class=\"    ult_tab_icon\"  ><\/i>\n\t\t\t\t\t   <\/div>\n\t\t\t\t\t<\/a><\/dt>\n            \t\t<dd class=\"ult-tabto-accordionItem ult-tabto-accolapsed\">\n\t\t\t            <div class=\"ult-tabto-acontent\" style=\"color:#74777b;\">\n\t\t\t               [vc_column_text]<\/p>\n<p style=\"text-align: justify;\"><img loading=\"lazy\" class=\"wp-image-563 alignleft\" src=\"https:\/\/www.semsin.es\/web\/wp-content\/uploads\/2016\/09\/windows.png\" alt=\"windows\" width=\"72\" height=\"72\" \/>Est\u00e1 realizado y dise\u00f1ado en entorno de ventanas para que el usuario tenga que intervenir en la menor medida a la hora de introducir los datos, facilidad en la b\u00fasqueda de informaci\u00f3n, ya que solo con poner alg\u00fan dato en el campo\u00a0descripci\u00f3n o en el nombre, xAGROS localizada la informaci\u00f3n r\u00e1pidamente<\/p>\n<p>[\/vc_column_text]\n\t\t\t            <\/div>\n        \t<\/dd><dt class=\"\">\n        \t<a class=\"ult-tabto-actitle withBorder ult_a\" id=\"306bfe91-b4b2-4\" style=\"color:#74777b;;background-color:#e7ecea;border-bottom-color:transparent;border-bottom-width:0px;border-bottom-style:solid;border-bottom-color:transparent;border-bottom-width:0px;border-bottom-style:solid;\" href=\"#306bfe91-b4b2-4\">\n        \t\t<i class=\"accordion-icon\">+<\/i>\n        \t\t\t<span class=\"ult_tab_main ult_ac_mainBoth\">\n\t\t\t\t\t   <span  data-ultimate-target='#advanced-tabs-wrap-1203 .ult-span-text'  data-responsive-json-new='{\"font-size\":\"desktop:15px;\",\"line-height\":\"\"}'  class=\"ult-span-text ult_acordian-text ult-responsive\" style=\";color:inherit \" >Control de tratamientos<\/span>\n\t\t\t\t\t<\/span>\n\t\t\t\t\t   <div class=\"aio-icon none \" style=\"color:#74777b;font-size:15px;\" data-iconcolor=\"#74777b\" data-iconhover=\"#ffffff\">\n\t\t\t\t\t   <i class=\"    ult_tab_icon\"  ><\/i>\n\t\t\t\t\t   <\/div>\n\t\t\t\t\t<\/a><\/dt>\n            \t\t<dd class=\"ult-tabto-accordionItem ult-tabto-accolapsed\">\n\t\t\t            <div class=\"ult-tabto-acontent\" style=\"color:#74777b;\">\n\t\t\t               [vc_column_text]<\/p>\n<p style=\"text-align: justify;\"><img loading=\"lazy\" class=\" wp-image-562 alignleft\" src=\"https:\/\/www.semsin.es\/web\/wp-content\/uploads\/2016\/09\/tratamiento.png\" alt=\"tratamiento\" width=\"61\" height=\"61\" \/>Podr\u00e1 saber en cualquier momento la cantidad de tratamientos realizados por parcela o grupo de parcelas, cultivos o placas con informaci\u00f3n de la dosis aplicada.<\/p>\n<p>[\/vc_column_text]\n\t\t\t            <\/div>\n        \t<\/dd><dt class=\"\">\n        \t<a class=\"ult-tabto-actitle withBorder ult_a\" id=\"1473151283628-2-4\" style=\"color:#74777b;;background-color:#e7ecea;border-bottom-color:transparent;border-bottom-width:0px;border-bottom-style:solid;border-bottom-color:transparent;border-bottom-width:0px;border-bottom-style:solid;border-bottom-color:transparent;border-bottom-width:0px;border-bottom-style:solid;\" href=\"#1473151283628-2-4\">\n        \t\t<i class=\"accordion-icon\">+<\/i>\n        \t\t\t<span class=\"ult_tab_main ult_ac_mainBoth\">\n\t\t\t\t\t   <span  data-ultimate-target='#advanced-tabs-wrap-1203 .ult-span-text'  data-responsive-json-new='{\"font-size\":\"desktop:15px;\",\"line-height\":\"\"}'  class=\"ult-span-text ult_acordian-text ult-responsive\" style=\";color:inherit \" >Impresi\u00f3n del modelo oficial<\/span>\n\t\t\t\t\t<\/span>\n\t\t\t\t\t   <div class=\"aio-icon none \" style=\"color:#74777b;font-size:15px;\" data-iconcolor=\"#74777b\" data-iconhover=\"#ffffff\">\n\t\t\t\t\t   <i class=\"    ult_tab_icon\"  ><\/i>\n\t\t\t\t\t   <\/div>\n\t\t\t\t\t<\/a><\/dt>\n            \t\t<dd class=\"ult-tabto-accordionItem ult-tabto-accolapsed\">\n\t\t\t            <div class=\"ult-tabto-acontent\" style=\"color:#74777b;\">\n\t\t\t               [vc_column_text]<\/p>\n<p style=\"text-align: justify;\"><img loading=\"lazy\" class=\" wp-image-564 alignleft\" src=\"https:\/\/www.semsin.es\/web\/wp-content\/uploads\/2016\/09\/xunta.jpg\" alt=\"xunta\" width=\"55\" height=\"71\" \/>Tendr\u00e1 a su disposici\u00f3n la utilidad de impresi\u00f3n del cuaderno oficial de la Xunta de Galicia con la relaci\u00f3n de parcelas inscritas y sus actuaciones durante el a\u00f1o.<\/p>\n<p>[\/vc_column_text]\n\t\t\t            <\/div>\n        \t<\/dd><dt class=\"\">\n        \t<a class=\"ult-tabto-actitle withBorder ult_a\" id=\"1473151285003-3-8\" style=\"color:#74777b;;background-color:#e7ecea;border-bottom-color:transparent;border-bottom-width:0px;border-bottom-style:solid;border-bottom-color:transparent;border-bottom-width:0px;border-bottom-style:solid;border-bottom-color:transparent;border-bottom-width:0px;border-bottom-style:solid;border-bottom-color:transparent;border-bottom-width:0px;border-bottom-style:solid;\" href=\"#1473151285003-3-8\">\n        \t\t<i class=\"accordion-icon\">+<\/i>\n        \t\t\t<span class=\"ult_tab_main ult_ac_mainBoth\">\n\t\t\t\t\t   <span  data-ultimate-target='#advanced-tabs-wrap-1203 .ult-span-text'  data-responsive-json-new='{\"font-size\":\"desktop:15px;\",\"line-height\":\"\"}'  class=\"ult-span-text ult_acordian-text ult-responsive\" style=\";color:inherit \" >Gesti\u00f3n de stock<\/span>\n\t\t\t\t\t<\/span>\n\t\t\t\t\t   <div class=\"aio-icon none \" style=\"color:#74777b;font-size:15px;\" data-iconcolor=\"#74777b\" data-iconhover=\"#ffffff\">\n\t\t\t\t\t   <i class=\"    ult_tab_icon\"  ><\/i>\n\t\t\t\t\t   <\/div>\n\t\t\t\t\t<\/a><\/dt>\n            \t\t<dd class=\"ult-tabto-accordionItem ult-tabto-accolapsed\">\n\t\t\t            <div class=\"ult-tabto-acontent\" style=\"color:#74777b;\">\n\t\t\t               [vc_column_text]<\/p>\n<p style=\"text-align: justify;\"><img loading=\"lazy\" class=\"wp-image-561 alignleft\" src=\"https:\/\/www.semsin.es\/web\/wp-content\/uploads\/2016\/09\/carro.png\" alt=\"carro\" width=\"55\" height=\"55\" \/>Registre la venta de cultivos con la gesti\u00f3n de clientes y tenga el control de la compra de productos fitosanitarios y posterior gesti\u00f3n de stock.<\/p>\n<p>[\/vc_column_text]\n\t\t\t            <\/div>\n        \t<\/dd>\n    \t<\/dl>\n    <!--<div class=\"extraborder\" style=\"background-color:#4f90d1\"><\/div>-->\n<\/div>\n\n<\/div>[vc_column_text css_animation=\u00bbtop-to-bottom\u00bb]<\/p>\n<h3 style=\"text-align: center;\"><span style=\"line-height: 1.3em;\"><strong>\u00bfYa tiene un sistema?<\/strong><\/span><\/h3>\n<p style=\"text-align: justify;\">xAGROS le ofrece una gesti\u00f3n integrada desde la misma aplicaci\u00f3n; sobre una base de datos robusta como es SQL Server de Microsoft. Podr\u00e1 obtener vistas y res\u00famenes por \u00edndices (parcelas, cultivos, plagas&#8230;). Asimismo, podr\u00e1 acceder a informaci\u00f3n de una forma r\u00e1pida e imprimir el libro oficial de forma inmediata. xAGROS permite crear usuarios con permisos de acceso y con total privacidad.<\/p>\n<h3 style=\"text-align: center;\"><strong>Mayor facilidad para insertar tratamientos<\/strong><\/h3>\n<p style=\"text-align: justify;\"><img loading=\"lazy\" class=\"size-medium wp-image-583 alignleft\" src=\"https:\/\/www.semsin.es\/web\/wp-content\/uploads\/2016\/09\/Insercion-300x185.png\" alt=\"Insercion\" width=\"300\" height=\"185\" srcset=\"https:\/\/www.semsin.es\/web\/wp-content\/uploads\/2016\/09\/Insercion-300x185.png 300w, https:\/\/www.semsin.es\/web\/wp-content\/uploads\/2016\/09\/Insercion-768x473.png 768w, https:\/\/www.semsin.es\/web\/wp-content\/uploads\/2016\/09\/Insercion-1024x631.png 1024w, https:\/\/www.semsin.es\/web\/wp-content\/uploads\/2016\/09\/Insercion-780x481.png 780w, https:\/\/www.semsin.es\/web\/wp-content\/uploads\/2016\/09\/Insercion.png 1030w\" sizes=\"(max-width: 300px) 100vw, 300px\" \/>Se incorporan varios m\u00e9todos de introducci\u00f3n de tratamientos y actuaciones sobre las parcelas, de manera que suponga una introducci\u00f3n r\u00e1pida y f\u00e1cil para el usuario. EL programa se basa en selecciones semiautom\u00e1ticas que evita equivocaciones ya que existen definiciones y opciones para consulta\/introducci\u00f3n de datos m\u00e1s habituales, lo que evita la incomodidad de introducir todos los datos cada vez.<\/p>\n<p>[\/vc_column_text]<div style=\"clear:both; width:100%; height:35px\"><\/div>[vc_column_text]<\/p>\n<h3 style=\"text-align: center;\"><strong>Caracter\u00edsticas<\/strong><\/h3>\n<p>[\/vc_column_text][vc_tta_accordion color=\u00bbsky\u00bb c_align=\u00bbcenter\u00bb active_section=\u00bb\u00bb collapsible_all=\u00bbtrue\u00bb][vc_tta_section title=\u00bbTratamientos y actuaciones fitosanitarias\u00bb tab_id=\u00bb1473153884279-3cc999eb-481c\u00bb][vc_column_text]<\/p>\n<ul>\n<li style=\"text-align: justify;\">Identificaci\u00f3n de parcelas seg\u00fan especies y variedades, as\u00ed como la superficie cultivada en Zepa.<\/li>\n<li style=\"text-align: justify;\">Fecha de actuaci\u00f3n para control del problema o plaga y dosis suministrada, con seguimiento de actuaciones por parcela o grupo de parcelas y cultivos.<\/li>\n<li style=\"text-align: justify;\">Control autom\u00e1tico del stock. Se dar\u00e1n de baja los productos fitosanitarios de forma autom\u00e1tica en base a la dosis aplicada.<\/li>\n<\/ul>\n<p>[\/vc_column_text][\/vc_tta_section][vc_tta_section title=\u00bbRegistro de an\u00e1lisis y fertilizantes\u00bb tab_id=\u00bb1473153884440-15843e3a-7141&#8243;][vc_column_text]<\/p>\n<ul>\n<li style=\"text-align: justify;\">Hoja de registros de an\u00e1lisis por parcelas, grupo de parcelas o cultivos.<\/li>\n<li style=\"text-align: justify;\">Hoja de registros de la cosecha comercializada obligatorios por cultivo y lote para su trazabilidad con el cliente.<\/li>\n<li style=\"text-align: justify;\">Hoja de registros de fertilizantes y abonos por parcelas y cultivos.<\/li>\n<li style=\"text-align: justify;\">Tratamiento de los elementos de transporte y locales de almacenamiento.<\/li>\n<\/ul>\n<p>[\/vc_column_text][\/vc_tta_section][vc_tta_section title=\u00bbControl de compra de productos fitosanitarios\u00bb tab_id=\u00bb1473153930306-40b6994b-c49f\u00bb][vc_column_text]<\/p>\n<ul>\n<li style=\"text-align: justify;\">Control de compra de productos fitosanitarios con gesti\u00f3n de stock autom\u00e1tico por producto y almac\u00e9n, control de fechas de compra, coste \u00faltimo y coste medio.<\/li>\n<li style=\"text-align: justify;\">Control de consumos directamente desde la aplicaci\u00f3n por dosis en los tratamientos, descontando de forma directa el stock disponible.<\/li>\n<\/ul>\n<p>[\/vc_column_text][\/vc_tta_section][vc_tta_section title=\u00bbCuadernos de explotaciones\u00bb tab_id=\u00bb1473153945371-20229fb3-190b\u00bb][vc_column_text]<\/p>\n<ul>\n<li style=\"text-align: justify;\">Cuadernos por a\u00f1o con datos de las parcelas seg\u00fan sixPac, incluidas Zepas.<\/li>\n<li style=\"text-align: justify;\">Control de actuaciones y tratamientos empleados.<\/li>\n<li style=\"text-align: justify;\">Control total de personal, t\u00e9cnicos, maquinaria y almacenes.<\/li>\n<li style=\"text-align: justify;\">Anal\u00edticas y registros de\u00a0la fertilizaciones de cultivos.<\/li>\n<li style=\"text-align: justify;\">Impresi\u00f3n de los modelos oficiales de la Xunta de Galicia.<\/li>\n<\/ul>\n<p><a href=\"https:\/\/www.semsin.es\/web\/wp-content\/uploads\/2016\/09\/cuaderno.png\" target=\"_blank\"><img loading=\"lazy\" class=\"aligncenter wp-image-588\" src=\"https:\/\/www.semsin.es\/web\/wp-content\/uploads\/2016\/09\/cuaderno-300x193.png\" alt=\"Cuaderno de explotaciones\" width=\"300\" height=\"193\" srcset=\"https:\/\/www.semsin.es\/web\/wp-content\/uploads\/2016\/09\/cuaderno-300x193.png 300w, https:\/\/www.semsin.es\/web\/wp-content\/uploads\/2016\/09\/cuaderno-768x494.png 768w, https:\/\/www.semsin.es\/web\/wp-content\/uploads\/2016\/09\/cuaderno-1024x658.png 1024w, https:\/\/www.semsin.es\/web\/wp-content\/uploads\/2016\/09\/cuaderno-780x501.png 780w, https:\/\/www.semsin.es\/web\/wp-content\/uploads\/2016\/09\/cuaderno-1120x720.png 1120w, https:\/\/www.semsin.es\/web\/wp-content\/uploads\/2016\/09\/cuaderno.png 1179w\" sizes=\"(max-width: 300px) 100vw, 300px\" \/><\/a>[\/vc_column_text][\/vc_tta_section][\/vc_tta_accordion]<div style=\"clear:both; width:100%; height:20px\"><\/div>[\/vc_column][\/vc_row][vc_row][vc_column][vc_single_image image=\u00bb5&#8243; img_size=\u00bbfull\u00bb alignment=\u00bbcenter\u00bb]<div style=\"clear:both; width:100%; height:30px\"><\/div>[vc_btn title=\u00bbSolicitar m\u00e1s informaci\u00f3n\u00bb color=\u00bbsky\u00bb size=\u00bblg\u00bb align=\u00bbcenter\u00bb link=\u00bburl:http%3A%2F%2Fwww.semsin.es%2Fweb%2F%23contacto|title:Contacto|\u00bb][\/vc_column][\/vc_row]<\/p>\n","protected":false},"excerpt":{"rendered":"<p>[vc_row][vc_column][vc_custom_heading text=\u00bbGesti\u00f3n y control del fitosanitario\u00bb font_container=\u00bbtag:h2|text_align:center\u00bb google_fonts=\u00bbfont_family:Montserrat%3Aregular%2C700|font_style:400%20regular%3A400%3Anormal\u00bb][vc_custom_heading text=\u00bbCuadernos por explotaciones; impresi\u00f3n modelo oficial de la Xunta de Galicia\u00bb font_container=\u00bbtag:h3|text_align:center\u00bb google_fonts=\u00bbfont_family:Montserrat%3Aregular%2C700|font_style:400%20regular%3A400%3Anormal\u00bb][\/vc_column][\/vc_row][vc_row full_width=\u00bb\u00bb][vc_column][vc_column_text] Con xAGROS dispondr\u00e1&#8230;<\/p>\n<p class=\"readmore\"><a class=\"more-btn\" href=\"https:\/\/www.semsin.es\/web\/programacion-a-medida\/xagros\/\">Leer m\u00e1s<\/a><\/p>\n","protected":false},"author":1,"featured_media":0,"parent":486,"menu_order":0,"comment_status":"closed","ping_status":"closed","template":"","meta":{"_mi_skip_tracking":false},"_links":{"self":[{"href":"https:\/\/www.semsin.es\/web\/wp-json\/wp\/v2\/pages\/399"}],"collection":[{"href":"https:\/\/www.semsin.es\/web\/wp-json\/wp\/v2\/pages"}],"about":[{"href":"https:\/\/www.semsin.es\/web\/wp-json\/wp\/v2\/types\/page"}],"author":[{"embeddable":true,"href":"https:\/\/www.semsin.es\/web\/wp-json\/wp\/v2\/users\/1"}],"replies":[{"embeddable":true,"href":"https:\/\/www.semsin.es\/web\/wp-json\/wp\/v2\/comments?post=399"}],"version-history":[{"count":0,"href":"https:\/\/www.semsin.es\/web\/wp-json\/wp\/v2\/pages\/399\/revisions"}],"up":[{"embeddable":true,"href":"https:\/\/www.semsin.es\/web\/wp-json\/wp\/v2\/pages\/486"}],"wp:attachment":[{"href":"https:\/\/www.semsin.es\/web\/wp-json\/wp\/v2\/media?parent=399"}],"curies":[{"name":"wp","href":"https:\/\/api.w.org\/{rel}","templated":true}]}}