{"id":397,"date":"2016-07-28T16:05:53","date_gmt":"2016-07-28T14:05:53","guid":{"rendered":"https:\/\/www.semsin.es\/web\/?page_id=397"},"modified":"2016-09-05T19:54:07","modified_gmt":"2016-09-05T17:54:07","slug":"virtualizacion","status":"publish","type":"page","link":"https:\/\/www.semsin.es\/web\/virtualizacion\/","title":{"rendered":"Virtualizaci\u00f3n"},"content":{"rendered":"<p>[vc_row full_width=\u00bb\u00bb][vc_column][vc_column_text]<\/p>\n<p style=\"text-align: justify;\"><span style=\"line-height: 1.3em;\">La virtualizaci\u00f3n de escritorios le permite crear una infraestructura de TI m\u00e1s flexible para que pueda ayudar a su empresa, a responder con m\u00e1s rapidez a los cambios y las oportunidades del mercado. Implementar\u00e1 las aplicaciones y los escritorios con mayor velocidad y reducir\u00e1 los costes a la vez que aumentan los niveles de servicio. Prolongue la vida de las aplicaciones heredadas y elimine los conflictos de instalaci\u00f3n virtualizando las aplicaciones.<\/span><\/p>\n<p style=\"text-align: justify;\"><strong>SEMSIN<\/strong> implanta en sus clientes las principales soluciones de virtualizaci\u00f3n de servidores proporcionando las ventajas que esto supone. Consiga una gesti\u00f3n automatizada de las operaciones para las nuevas infraestructuras virtuales y din\u00e1micas, que permite agilizar la prestaci\u00f3n de servicios de TI, mejorar la eficacia operativa, garantizar el cumplimiento normativo y disminuir los riesgos.<\/p>\n<p>[\/vc_column_text][vc_separator][\/vc_column][\/vc_row][vc_row full_width=\u00bb\u00bb][vc_column]<div style=\"clear:both; width:100%; height:25px\"><\/div>[vc_column_text]<\/p>\n<p style=\"text-align: center;\"><strong>Beneficios<\/strong>:<\/p>\n<ul>\n<li style=\"text-align: justify;\">Reduzca los costes aumentando la eficiencia energ\u00e9tica y reduciendo los requisitos de hardware por medio de la consolidaci\u00f3n de servidores.<\/li>\n<li style=\"text-align: justify;\">Desarrolle la continuidad del negocio con soluciones de recuperaci\u00f3n ante desastres mejoradas y proporcione alta disponibilidad en todo el centro de datos.<\/li>\n<li style=\"text-align: justify;\">Virtualice las aplicaciones empresariales, tales como Oracle, Exchange, SQL Server, Sharepoint o SAP, y proporcione los m\u00e1ximos niveles de servicio y un rendimiento superior.<\/li>\n<li style=\"text-align: justify;\">Favorecer\u00e1 la comercializaci\u00f3n de sus productos y\/o servicios.<\/li>\n<li style=\"text-align: justify;\">Optimiza las inversiones y simplifica la gesti\u00f3n de TI.<\/li>\n<li style=\"text-align: justify;\">Los servidores estar\u00e1n preparados para responder a cambios en las cargas de trabajo.<\/li>\n<li style=\"text-align: justify;\">Los principales beneficios que la virtualizaci\u00f3n aportar\u00e1 a su empresa son:<\/li>\n<li style=\"text-align: justify;\">Racionalizar la implementaci\u00f3n y la gesti\u00f3n proporcionando los escritorios como servicio.<\/li>\n<li style=\"text-align: justify;\">Virtualizar las aplicaciones de Windows para realizar con m\u00e1s facilidad las migraciones del sistema operativo, puesto que podr\u00e1 empaquetar una vez e implementar donde lo desee.<\/li>\n<\/ul>\n<p>[\/vc_column_text]<div style=\"clear:both; width:100%; height:60px\"><\/div>[vc_single_image image=\u00bb5&#8243; img_size=\u00bbfull\u00bb alignment=\u00bbcenter\u00bb][vc_btn title=\u00bbSolicitar m\u00e1s informaci\u00f3n\u00bb color=\u00bbsky\u00bb size=\u00bblg\u00bb align=\u00bbcenter\u00bb link=\u00bburl:..%2Fcontacto||\u00bb][\/vc_column][\/vc_row]<\/p>\n","protected":false},"excerpt":{"rendered":"<p>[vc_row full_width=\u00bb\u00bb][vc_column][vc_column_text] La virtualizaci\u00f3n de escritorios le permite crear una infraestructura de TI m\u00e1s flexible para que pueda ayudar a su empresa, a responder con&#8230;<\/p>\n<p class=\"readmore\"><a class=\"more-btn\" href=\"https:\/\/www.semsin.es\/web\/virtualizacion\/\">Leer m\u00e1s<\/a><\/p>\n","protected":false},"author":1,"featured_media":0,"parent":0,"menu_order":0,"comment_status":"closed","ping_status":"closed","template":"","meta":{"_mi_skip_tracking":false},"_links":{"self":[{"href":"https:\/\/www.semsin.es\/web\/wp-json\/wp\/v2\/pages\/397"}],"collection":[{"href":"https:\/\/www.semsin.es\/web\/wp-json\/wp\/v2\/pages"}],"about":[{"href":"https:\/\/www.semsin.es\/web\/wp-json\/wp\/v2\/types\/page"}],"author":[{"embeddable":true,"href":"https:\/\/www.semsin.es\/web\/wp-json\/wp\/v2\/users\/1"}],"replies":[{"embeddable":true,"href":"https:\/\/www.semsin.es\/web\/wp-json\/wp\/v2\/comments?post=397"}],"version-history":[{"count":0,"href":"https:\/\/www.semsin.es\/web\/wp-json\/wp\/v2\/pages\/397\/revisions"}],"wp:attachment":[{"href":"https:\/\/www.semsin.es\/web\/wp-json\/wp\/v2\/media?parent=397"}],"curies":[{"name":"wp","href":"https:\/\/api.w.org\/{rel}","templated":true}]}}