{"id":391,"date":"2016-07-28T16:03:09","date_gmt":"2016-07-28T14:03:09","guid":{"rendered":"https:\/\/www.semsin.es\/web\/?page_id=391"},"modified":"2022-04-29T14:38:19","modified_gmt":"2022-04-29T12:38:19","slug":"hardware-y-redes","status":"publish","type":"page","link":"https:\/\/www.semsin.es\/web\/hardware-y-redes\/","title":{"rendered":"Kit Digital (Oficina\/Ciberseguridad\/Seguridad)"},"content":{"rendered":"<p>[vc_row full_width=\u00bb\u00bb][vc_column][vc_single_image image=\u00bb1059&#8243; img_size=\u00bbfull\u00bb alignment=\u00bbcenter\u00bb onclick=\u00bbcustom_link\u00bb img_link_target=\u00bb_blank\u00bb link=\u00bbhttps:\/\/www.semsin.es\/web\/wp-content\/uploads\/2022\/03\/Kit_Digital_guia.pdf\u00bb][\/vc_column][\/vc_row][vc_row full_width=\u00bb\u00bb][vc_column][vc_column_text]<span style=\"text-align: justify; line-height: 1.3em;\">En <strong>SEMSIN<\/strong> ofrecemos nuestra amplia gama de productos inform\u00e1ticos tanto a nivel particular como profesional. Somos distribuidores de las principales marcas en port\u00e1tiles, equipos de sobremesa, servidores, impresoras y otros componentes inform\u00e1ticos para cualquier cliente que precise realizar instalaciones nuevas o mejoras en su infraestructura inform\u00e1tica asesor\u00e1ndoles para una soluci\u00f3n \u00f3ptima as\u00ed como correcta instalaci\u00f3n y adaptaci\u00f3n a su sistema.<\/span><\/p>\n<p style=\"text-align: justify;\">Ofrecemos servicio a domicilio de instalaci\u00f3n, configuraci\u00f3n y puesta en funcionamiento de dispositivos inform\u00e1ticos: ordenadores, impresoras, servidores, elementos de red, armarios rack\u2026<\/p>\n<p>[\/vc_column_text][vc_separator][\/vc_column][\/vc_row][vc_row full_width=\u00bb\u00bb][vc_column width=\u00bb1\/3&#8243;][vc_separator][vc_custom_heading text=\u00bbOficina Virtual\u00bb font_container=\u00bbtag:h2|text_align:center\u00bb use_theme_fonts=\u00bbyes\u00bb link=\u00bburl:https%3A%2F%2Fwww.semsin.es%2Fweb%2Fkit-digital%2F%231650971479303-6cba5e66-004b||\u00bb][vc_single_image image=\u00bb1111&#8243; img_size=\u00bbmedium\u00bb alignment=\u00bbcenter\u00bb onclick=\u00bbcustom_link\u00bb link=\u00bbhttps:\/\/www.semsin.es\/web\/kit-digital\/#1650971479303-6cba5e66-004b\u00bb]\n<div id=\"interactive-banner-1-wrap-5484\" class=\"ult-banner-block ult-adjust-bottom-margin ult-bb-none  banner-style01 \"   style=\"\">\n\t<h3  data-ultimate-target='#interactive-banner-1-wrap-5484 .bb-top-title '  data-responsive-json-new='{\"font-size\":\"\",\"line-height\":\"\"}'  class=\"title-center bb-top-title ult-responsive\" style=\"font-weight:normal;background:#242424;color:#ffffff;\">Hasta 12.000 \u20ac<\/h3>\n\t<div class=\"mask opaque-background\" style=\"background:#242424;\">\n\t\t<div  data-ultimate-target='#interactive-banner-1-wrap-5484 .bb-description'  data-responsive-json-new='{\"font-size\":\"\",\"line-height\":\"\"}'  class=\"bb-description ult-responsive\" style=\"font-weight:normal;color:#ffffff;\"><\/div>\n\t<\/div>\n<\/div><div style=\"clear:both; width:100%; height:20px\"><\/div>[\/vc_column][vc_column width=\u00bb1\/3&#8243;][vc_separator][vc_custom_heading text=\u00bbCiberseguridad\u00bb font_container=\u00bbtag:h2|text_align:center\u00bb use_theme_fonts=\u00bbyes\u00bb link=\u00bburl:https%3A%2F%2Fwww.semsin.es%2Fweb%2Fkit-digital%2F%231650971479303-6cba5e66-004b||\u00bb][vc_single_image image=\u00bb1113&#8243; img_size=\u00bbmedium\u00bb alignment=\u00bbcenter\u00bb onclick=\u00bbcustom_link\u00bb link=\u00bbhttps:\/\/www.semsin.es\/web\/kit-digital\/#1650971440516-676bcced-be64&#8243;]\n<div id=\"interactive-banner-1-wrap-5053\" class=\"ult-banner-block ult-adjust-bottom-margin ult-bb-none  banner-style01 \"   style=\"\">\n\t<h3  data-ultimate-target='#interactive-banner-1-wrap-5053 .bb-top-title '  data-responsive-json-new='{\"font-size\":\"\",\"line-height\":\"\"}'  class=\"title-center bb-top-title ult-responsive\" style=\"font-weight:normal;background:#242424;color:#ffffff;\">Hasta 6.000 \u20ac<\/h3>\n\t<div class=\"mask opaque-background\" style=\"background:#242424;\">\n\t\t<div  data-ultimate-target='#interactive-banner-1-wrap-5053 .bb-description'  data-responsive-json-new='{\"font-size\":\"\",\"line-height\":\"\"}'  class=\"bb-description ult-responsive\" style=\"font-weight:normal;color:#ffffff;\"><\/div>\n\t<\/div>\n<\/div><div style=\"clear:both; width:100%; height:20px\"><\/div>[\/vc_column][vc_column width=\u00bb1\/3&#8243;][vc_separator][vc_custom_heading text=\u00bbComunicaciones seguras\u00bb font_container=\u00bbtag:h2|text_align:center\u00bb use_theme_fonts=\u00bbyes\u00bb link=\u00bburl:https%3A%2F%2Fwww.semsin.es%2Fweb%2Fkit-digital%2F%231651045415100-c5832bac-332b||\u00bb][vc_single_image image=\u00bb1112&#8243; img_size=\u00bbmedium\u00bb alignment=\u00bbcenter\u00bb onclick=\u00bbcustom_link\u00bb link=\u00bbhttps:\/\/www.semsin.es\/web\/kit-digital\/#1651045415100-c5832bac-332b\u00bb]\n<div id=\"interactive-banner-1-wrap-1727\" class=\"ult-banner-block ult-adjust-bottom-margin ult-bb-none  banner-style01 \"   style=\"\">\n\t<h3  data-ultimate-target='#interactive-banner-1-wrap-1727 .bb-top-title '  data-responsive-json-new='{\"font-size\":\"\",\"line-height\":\"\"}'  class=\"title-center bb-top-title ult-responsive\" style=\"font-weight:normal;background:#242424;color:#ffffff;\">Hasta 6.000 \u20ac<\/h3>\n\t<div class=\"mask opaque-background\" style=\"background:#242424;\">\n\t\t<div  data-ultimate-target='#interactive-banner-1-wrap-1727 .bb-description'  data-responsive-json-new='{\"font-size\":\"\",\"line-height\":\"\"}'  class=\"bb-description ult-responsive\" style=\"font-weight:normal;color:#ffffff;\"><\/div>\n\t<\/div>\n<\/div><div style=\"clear:both; width:100%; height:20px\"><\/div>[\/vc_column][\/vc_row][vc_row full_width=\u00bb\u00bb][vc_column width=\u00bb1\/4&#8243;][\/vc_column][vc_column width=\u00bb1\/2&#8243;]<div style=\"clear:both; width:100%; height:60px\"><\/div>[vc_single_image image=\u00bb1066&#8243; img_size=\u00bbmedium\u00bb alignment=\u00bbcenter\u00bb onclick=\u00bbcustom_link\u00bb link=\u00bbhttps:\/\/www.semsin.es\/web\/kit-digital\/\u00bb][vc_btn title=\u00bbM\u00e1s informaci\u00f3n sobre Kit Digital\u00bb color=\u00bbdanger\u00bb size=\u00bblg\u00bb align=\u00bbcenter\u00bb link=\u00bburl:https%3A%2F%2Fwww.semsin.es%2Fweb%2Fkit-digital%2F||\u00bb][\/vc_column][vc_column width=\u00bb1\/4&#8243;][\/vc_column][\/vc_row]<\/p>\n","protected":false},"excerpt":{"rendered":"<p>[vc_row full_width=\u00bb\u00bb][vc_column][vc_single_image image=\u00bb1059&#8243; img_size=\u00bbfull\u00bb alignment=\u00bbcenter\u00bb onclick=\u00bbcustom_link\u00bb img_link_target=\u00bb_blank\u00bb link=\u00bbhttps:\/\/www.semsin.es\/web\/wp-content\/uploads\/2022\/03\/Kit_Digital_guia.pdf\u00bb][\/vc_column][\/vc_row][vc_row full_width=\u00bb\u00bb][vc_column][vc_column_text]En SEMSIN ofrecemos nuestra amplia gama de productos inform\u00e1ticos tanto a nivel particular como profesional. Somos distribuidores&#8230;<\/p>\n<p class=\"readmore\"><a class=\"more-btn\" href=\"https:\/\/www.semsin.es\/web\/hardware-y-redes\/\">Leer m\u00e1s<\/a><\/p>\n","protected":false},"author":1,"featured_media":0,"parent":0,"menu_order":0,"comment_status":"closed","ping_status":"closed","template":"","meta":{"_mi_skip_tracking":false},"_links":{"self":[{"href":"https:\/\/www.semsin.es\/web\/wp-json\/wp\/v2\/pages\/391"}],"collection":[{"href":"https:\/\/www.semsin.es\/web\/wp-json\/wp\/v2\/pages"}],"about":[{"href":"https:\/\/www.semsin.es\/web\/wp-json\/wp\/v2\/types\/page"}],"author":[{"embeddable":true,"href":"https:\/\/www.semsin.es\/web\/wp-json\/wp\/v2\/users\/1"}],"replies":[{"embeddable":true,"href":"https:\/\/www.semsin.es\/web\/wp-json\/wp\/v2\/comments?post=391"}],"version-history":[{"count":8,"href":"https:\/\/www.semsin.es\/web\/wp-json\/wp\/v2\/pages\/391\/revisions"}],"predecessor-version":[{"id":1197,"href":"https:\/\/www.semsin.es\/web\/wp-json\/wp\/v2\/pages\/391\/revisions\/1197"}],"wp:attachment":[{"href":"https:\/\/www.semsin.es\/web\/wp-json\/wp\/v2\/media?parent=391"}],"curies":[{"name":"wp","href":"https:\/\/api.w.org\/{rel}","templated":true}]}}