{"id":1189,"date":"2022-04-29T14:31:31","date_gmt":"2022-04-29T12:31:31","guid":{"rendered":"https:\/\/www.semsin.es\/web\/?page_id=1189"},"modified":"2022-04-29T14:31:43","modified_gmt":"2022-04-29T12:31:43","slug":"hosting_dominios","status":"publish","type":"page","link":"https:\/\/www.semsin.es\/web\/hosting_dominios\/","title":{"rendered":"Hosting y dominios"},"content":{"rendered":"<p>[vc_row full_width=\u00bb\u00bb][vc_column][vc_column_text]Disponemos de distintos tipos de hosting seg\u00fan sus necesidades. Usted podr\u00e1 elegir entre servidores con sistemas Linux o Windows. Cada plan tiene asociados un n\u00famero de buzones de correo y un tama\u00f1o fijo de almacenaje llegando a los 3Gb por cuenta.<\/p>\n<p>Caracter\u00edsticas de los servicios ofertados:<\/p>\n<ul>\n<li><span style=\"line-height: 1.3em;\">Bases de datos:MySql<\/span><\/li>\n<li><span style=\"line-height: 1.3em;\">Subdominios (segun el plan elegido pudiendo ser ilimitados)<\/span><\/li>\n<li><span style=\"line-height: 1.3em;\">Buzones POP3\/IMAP4\/SMTP<\/span><\/li>\n<li><span style=\"line-height: 1.3em;\">Buzones Exchange Opcional<\/span><\/li>\n<li><span style=\"line-height: 1.3em;\">Transferencia ilimitada<\/span><\/li>\n<li><span style=\"line-height: 1.3em;\">Acceso a correo por Webmail<\/span><\/li>\n<li><span style=\"line-height: 1.3em;\">Cuenta Catch all<\/span><\/li>\n<li><span style=\"line-height: 1.3em;\">Filtro avanzado<\/span><\/li>\n<li><span style=\"line-height: 1.3em;\">Espacio web MySQL<\/span><\/li>\n<li><span style=\"line-height: 1.3em;\">PostgreSQL<\/span><\/li>\n<li><span style=\"line-height: 1.3em;\">Clonado y actualizaci\u00f3n de base de datos<\/span><\/li>\n<li><span style=\"line-height: 1.3em;\">Restricci\u00f3n por IP de MySQL<\/span><\/li>\n<li><span style=\"line-height: 1.3em;\">Gesti\u00f3n de usuarios y permisos PHP 5, Perl, Python<\/span><\/li>\n<li><span style=\"line-height: 1.3em;\">Directivas .htaccess<\/span><\/li>\n<li><span style=\"line-height: 1.3em;\">Mod Rewrite<\/span><\/li>\n<li><span style=\"line-height: 1.3em;\">Ejecutables Compilados Ruby on Rails Server<\/span><\/li>\n<li><span style=\"line-height: 1.3em;\">Side Include<\/span><\/li>\n<\/ul>\n<p>[\/vc_column_text][\/vc_column][\/vc_row][vc_row full_width=\u00bb\u00bb][vc_column]<div style=\"clear:both; width:100%; height:60px\"><\/div>[vc_single_image image=\u00bb5&#8243; img_size=\u00bbfull\u00bb alignment=\u00bbcenter\u00bb][vc_btn title=\u00bbSolicitar m\u00e1s informaci\u00f3n\u00bb color=\u00bbsky\u00bb size=\u00bblg\u00bb align=\u00bbcenter\u00bb link=\u00bburl:http%3A%2F%2Fwww.semsin.es%2Fweb%2F%23contacto|title:Contacto|\u00bb][\/vc_column][\/vc_row]<\/p>\n","protected":false},"excerpt":{"rendered":"<p>[vc_row full_width=\u00bb\u00bb][vc_column][vc_column_text]Disponemos de distintos tipos de hosting seg\u00fan sus necesidades. Usted podr\u00e1 elegir entre servidores con sistemas Linux o Windows. Cada plan tiene asociados un&#8230;<\/p>\n<p class=\"readmore\"><a class=\"more-btn\" href=\"https:\/\/www.semsin.es\/web\/hosting_dominios\/\">Leer m\u00e1s<\/a><\/p>\n","protected":false},"author":1,"featured_media":0,"parent":0,"menu_order":0,"comment_status":"closed","ping_status":"closed","template":"","meta":{"_mi_skip_tracking":false},"_links":{"self":[{"href":"https:\/\/www.semsin.es\/web\/wp-json\/wp\/v2\/pages\/1189"}],"collection":[{"href":"https:\/\/www.semsin.es\/web\/wp-json\/wp\/v2\/pages"}],"about":[{"href":"https:\/\/www.semsin.es\/web\/wp-json\/wp\/v2\/types\/page"}],"author":[{"embeddable":true,"href":"https:\/\/www.semsin.es\/web\/wp-json\/wp\/v2\/users\/1"}],"replies":[{"embeddable":true,"href":"https:\/\/www.semsin.es\/web\/wp-json\/wp\/v2\/comments?post=1189"}],"version-history":[{"count":2,"href":"https:\/\/www.semsin.es\/web\/wp-json\/wp\/v2\/pages\/1189\/revisions"}],"predecessor-version":[{"id":1191,"href":"https:\/\/www.semsin.es\/web\/wp-json\/wp\/v2\/pages\/1189\/revisions\/1191"}],"wp:attachment":[{"href":"https:\/\/www.semsin.es\/web\/wp-json\/wp\/v2\/media?parent=1189"}],"curies":[{"name":"wp","href":"https:\/\/api.w.org\/{rel}","templated":true}]}}