{"id":1178,"date":"2022-04-29T14:21:07","date_gmt":"2022-04-29T12:21:07","guid":{"rendered":"https:\/\/www.semsin.es\/web\/?page_id=1178"},"modified":"2022-04-29T14:26:38","modified_gmt":"2022-04-29T12:26:38","slug":"hardware_redes","status":"publish","type":"page","link":"https:\/\/www.semsin.es\/web\/hardware_redes\/","title":{"rendered":"Hardware y redes"},"content":{"rendered":"<p>[vc_row full_width=\u00bb\u00bb][vc_column][vc_column_text]<span style=\"text-align: justify; line-height: 1.3em;\">En <strong>SEMSIN<\/strong> ofrecemos nuestra amplia gama de productos inform\u00e1ticos tanto a nivel particular como profesional. Somos distribuidores de las principales marcas en port\u00e1tiles, equipos de sobremesa, servidores, impresoras y otros componentes inform\u00e1ticos para cualquier cliente que precise realizar instalaciones nuevas o mejoras en su infraestructura inform\u00e1tica asesor\u00e1ndoles para una soluci\u00f3n \u00f3ptima as\u00ed como correcta instalaci\u00f3n y adaptaci\u00f3n a su sistema.<\/span><\/p>\n<p style=\"text-align: justify;\">Ofrecemos servicio a domicilio de instalaci\u00f3n, configuraci\u00f3n y puesta en funcionamiento de dispositivos inform\u00e1ticos: ordenadores, impresoras, servidores, elementos de red, armarios rack\u2026<\/p>\n<p>[\/vc_column_text][vc_separator][\/vc_column][\/vc_row][vc_row full_width=\u00bb\u00bb][vc_column width=\u00bb2\/3&#8243;]<div style=\"clear:both; width:100%; height:25px\"><\/div>[vc_column_text]<\/p>\n<p style=\"text-align: left;\"><strong>Casos habituales<\/strong><\/p>\n<ul>\n<li style=\"text-align: left;\">Nueva red de ordenadores, impresoras y servidor de archivos.<\/li>\n<li style=\"text-align: left;\"><span style=\"line-height: 1.3em;\">Integraci\u00f3n inform\u00e1tica en armario rack.<\/span><\/li>\n<li style=\"text-align: left;\">Servidores de correo: Microsoft Exchange<\/li>\n<li style=\"text-align: left;\">Servidores de bases de datos: Microsoft SQL, MySQL,\u2026<\/li>\n<li style=\"text-align: left;\">Soluciones de almacenamiento y backup.<\/li>\n<li style=\"text-align: left;\">Interconexi\u00f3n de delegaciones.<\/li>\n<li style=\"text-align: left;\">Soluciones de escritorio remoto: Licencias de Terminal Server<\/li>\n<li style=\"text-align: left;\">Soluciones de seguridad: Firewall, IDS, Certificados digitales..<\/li>\n<\/ul>\n<p>[\/vc_column_text][\/vc_column][vc_column width=\u00bb1\/3&#8243;]<div style=\"clear:both; width:100%; height:60px\"><\/div>[vc_single_image image=\u00bb5&#8243; img_size=\u00bbfull\u00bb alignment=\u00bbcenter\u00bb][vc_btn title=\u00bbSolicitar m\u00e1s informaci\u00f3n\u00bb color=\u00bbsky\u00bb size=\u00bblg\u00bb align=\u00bbcenter\u00bb link=\u00bburl:http%3A%2F%2Fwww.semsin.es%2Fweb%2F%23contacto|title:Contacto|\u00bb][\/vc_column][\/vc_row]<\/p>\n","protected":false},"excerpt":{"rendered":"<p>[vc_row full_width=\u00bb\u00bb][vc_column][vc_column_text]En SEMSIN ofrecemos nuestra amplia gama de productos inform\u00e1ticos tanto a nivel particular como profesional. Somos distribuidores de las principales marcas en port\u00e1tiles, equipos&#8230;<\/p>\n<p class=\"readmore\"><a class=\"more-btn\" href=\"https:\/\/www.semsin.es\/web\/hardware_redes\/\">Leer m\u00e1s<\/a><\/p>\n","protected":false},"author":1,"featured_media":0,"parent":0,"menu_order":0,"comment_status":"closed","ping_status":"closed","template":"","meta":{"_mi_skip_tracking":false},"_links":{"self":[{"href":"https:\/\/www.semsin.es\/web\/wp-json\/wp\/v2\/pages\/1178"}],"collection":[{"href":"https:\/\/www.semsin.es\/web\/wp-json\/wp\/v2\/pages"}],"about":[{"href":"https:\/\/www.semsin.es\/web\/wp-json\/wp\/v2\/types\/page"}],"author":[{"embeddable":true,"href":"https:\/\/www.semsin.es\/web\/wp-json\/wp\/v2\/users\/1"}],"replies":[{"embeddable":true,"href":"https:\/\/www.semsin.es\/web\/wp-json\/wp\/v2\/comments?post=1178"}],"version-history":[{"count":3,"href":"https:\/\/www.semsin.es\/web\/wp-json\/wp\/v2\/pages\/1178\/revisions"}],"predecessor-version":[{"id":1186,"href":"https:\/\/www.semsin.es\/web\/wp-json\/wp\/v2\/pages\/1178\/revisions\/1186"}],"wp:attachment":[{"href":"https:\/\/www.semsin.es\/web\/wp-json\/wp\/v2\/media?parent=1178"}],"curies":[{"name":"wp","href":"https:\/\/api.w.org\/{rel}","templated":true}]}}